{"id":21595,"date":"2023-09-22T14:49:28","date_gmt":"2023-09-22T18:49:28","guid":{"rendered":"https:\/\/staging.wcwc.ca\/systemes-limites\/"},"modified":"2026-04-10T09:54:26","modified_gmt":"2026-04-10T13:54:26","slug":"systemes-limites","status":"publish","type":"page","link":"https:\/\/wcwc.ca\/fr\/petits-systemes\/systemes-limites\/","title":{"rendered":"Les r\u00e9seaux limit\u00e9s"},"content":{"rendered":"\n<h2 class=\"wp-block-heading\">Les r\u00e9seaux limit\u00e9s<\/h2>\n\n\n\n<p>Les <a href=\"https:\/\/www.ontario.ca\/lois\/reglement\/040128\" target=\"_blank\" rel=\"noreferrer noopener\">R\u00e8gl. de l&#8217;Ont. 170\/03: r\u00e9seaux d&#8217;eau potable<\/a> et <a href=\"https:\/\/www.ontario.ca\/lois\/reglement\/040128\" target=\"_blank\" rel=\"noreferrer noopener\">R\u00e8gl. de l&#8217;Ont. 128\/04: accr\u00e9ditation des exploitants de r\u00e9seaux d&#8217;eau potable et des analystes de la qualit\u00e9 de l&#8217;eau<\/a> exigent que les op\u00e9rateurs des cat\u00e9gories de syst\u00e8mes suivantes d\u00e9tiennent un certificat de syst\u00e8me d&#8217;eau potable de classe 1 \u00e0 4 ou un certificat de syst\u00e8me limit\u00e9:<\/p>\n\n\n\n<ul class=\"wp-block-list\">\n<li>petit r\u00e9seau municipal r\u00e9sidentiel (eaux souterraines)<\/li>\n\n\n\n<li>r\u00e9seau r\u00e9sidentiel toutes saisons non municipal<\/li>\n\n\n\n<li>gros r\u00e9seau non r\u00e9sidentiel et non municipal desservant un \u00e9tablissement d\u00e9sign\u00e9<\/li>\n\n\n\n<li>gros r\u00e9seau non r\u00e9sidentiel municipal desservant un \u00e9tablissement d\u00e9sign\u00e9<\/li>\n<\/ul>\n\n\n\n<h3 class=\"wp-block-heading\">Pour obtenir un certificat de r\u00e9seaux limit\u00e9s<\/h3>\n\n\n\n<ol class=\"wp-block-list\">\n<li>D\u00e9tenir un dipl\u00f4me d&#8217;\u00e9tudes secondaires de l&#8217;Ontario ou un \u00e9quivalent.<\/li>\n\n\n\n<li>R\u00e9ussir le <a href=\"https:\/\/wcwc.ca\/fr\/coursecatalog-fr\/exploitation-de-reseaux-limites\/\" target=\"_blank\" rel=\"noreferrer noopener\">cours sur le fonctionnement des syst\u00e8mes limit\u00e9s<\/a>, disponible aupr\u00e8s du <a href=\"https:\/\/wcwc.ca\/fr\/\" data-type=\"page\" data-id=\"22620\">Centre de Walkerton pour l\u2019assainissement de l\u2019eau<\/a>.<\/li>\n\n\n\n<li>Presenter une demande pour passer l&#8217;examen appropri\u00e9 d\u2019exploitant de r\u00e9seau d\u2019eau limit\u00e9 offert par le Bureau d\u2019accr\u00e9ditation des op\u00e9rateurs de r\u00e9seaux d\u2019eau potable et d\u2019installationst d\u2019eaux us\u00e9es. Pour plus des reseignements, veuillez contacter <a href=\"https:\/\/owwco.ca\/fr\/petits-reseaux\/#lso\" target=\"_blank\" rel=\"noreferrer noopener\">Bureau d\u2019accr\u00e9ditation des op\u00e9rateurs de r\u00e9seaux d\u2019eau potable et d\u2019installationst d\u2019eaux us\u00e9es<\/a>.<\/li>\n<\/ol>\n\n\n\n<h3 class=\"wp-block-heading\">Pour maintenir un certificat de r\u00e9seaux limit\u00e9s<\/h3>\n\n\n\n<ol class=\"wp-block-list\">\n<li>R\u00e9ussir le <a href=\"https:\/\/wcwc.ca\/fr\/coursecatalog-fr\/cours-de-renouvellement-obligatoire-du-certificat\/\" target=\"_blank\" rel=\"noreferrer noopener\">Cours de renouvellement obligatoire du certificat<\/a>. Pour vous inscrire, veuillez visiter notre <a href=\"https:\/\/wcwc.ca\/fr\/formation\/cours\/\">programme de cours<\/a>.<\/li>\n\n\n\n<li>Suivre avec succ\u00e8s 21 heures de <a href=\"https:\/\/owwco.ca\/fr\/liste-des-cours-approuves-par-le-directeur\/\" data-type=\"link\" data-id=\"https:\/\/owwco.ca\/fr\/liste-des-cours-approuves-par-le-directeur\/\" target=\"_blank\" rel=\"noreferrer noopener\">cours approuv\u00e9s par le directeur<\/a> (y compris le <a href=\"https:\/\/wcwc.ca\/fr\/coursecatalog-fr\/cours-de-renouvellement-obligatoire-du-certificat\/\" target=\"_blank\" rel=\"noreferrer noopener\">cours obligatoire de renouvellement du certificat)<\/a>.<\/li>\n\n\n\n<li>R\u00e9ussir 39 heures de formation pratique sur le lieu de travail.<\/li>\n\n\n\n<li>Satisfaire les exigences concernant l&#8217;exp\u00e9rience en mati\u00e8re d\u2019exploitation de r\u00e9seau<\/li>\n\n\n\n<li>Pr\u00e9senter une demande de renouvellement de certificat au moins un mois avant sa date d\u2019\u00e9ch\u00e9ance. Pour plus des reseignements, veuillez contacter <a href=\"https:\/\/owwco.ca\/fr\/petits-reseaux\/#lso\" target=\"_blank\" rel=\"noreferrer noopener\">Bureau d\u2019accr\u00e9ditation des op\u00e9rateurs de r\u00e9seaux d\u2019eau potable et d\u2019installationst d\u2019eaux us\u00e9es<\/a>.<\/li>\n<\/ol>\n","protected":false},"excerpt":{"rendered":"<p>Les r\u00e9seaux limit\u00e9s Les R\u00e8gl. de l&#8217;Ont. 170\/03: r\u00e9seaux d&#8217;eau potable et R\u00e8gl. de l&#8217;Ont. 128\/04: accr\u00e9ditation des exploitants de r\u00e9seaux d&#8217;eau potable et &#8230;<\/p>\n","protected":false},"author":61,"featured_media":0,"parent":21597,"menu_order":0,"comment_status":"closed","ping_status":"closed","template":"","meta":{"_acf_changed":false,"_seopress_robots_primary_cat":"","_seopress_titles_title":"","_seopress_titles_desc":"","_seopress_robots_index":"","footnotes":""},"class_list":["post-21595","page","type-page","status-publish","hentry"],"acf":[],"_links":{"self":[{"href":"https:\/\/wcwc.ca\/fr\/wp-json\/wp\/v2\/pages\/21595","targetHints":{"allow":["GET"]}}],"collection":[{"href":"https:\/\/wcwc.ca\/fr\/wp-json\/wp\/v2\/pages"}],"about":[{"href":"https:\/\/wcwc.ca\/fr\/wp-json\/wp\/v2\/types\/page"}],"author":[{"embeddable":true,"href":"https:\/\/wcwc.ca\/fr\/wp-json\/wp\/v2\/users\/61"}],"replies":[{"embeddable":true,"href":"https:\/\/wcwc.ca\/fr\/wp-json\/wp\/v2\/comments?post=21595"}],"version-history":[{"count":11,"href":"https:\/\/wcwc.ca\/fr\/wp-json\/wp\/v2\/pages\/21595\/revisions"}],"predecessor-version":[{"id":26385,"href":"https:\/\/wcwc.ca\/fr\/wp-json\/wp\/v2\/pages\/21595\/revisions\/26385"}],"up":[{"embeddable":true,"href":"https:\/\/wcwc.ca\/fr\/wp-json\/wp\/v2\/pages\/21597"}],"wp:attachment":[{"href":"https:\/\/wcwc.ca\/fr\/wp-json\/wp\/v2\/media?parent=21595"}],"curies":[{"name":"wp","href":"https:\/\/api.w.org\/{rel}","templated":true}]}}