{"id":21597,"date":"2023-09-20T12:45:25","date_gmt":"2023-09-20T16:45:25","guid":{"rendered":"https:\/\/staging.wcwc.ca\/petits-systemes\/"},"modified":"2026-04-10T09:47:02","modified_gmt":"2026-04-10T13:47:02","slug":"petits-systemes","status":"publish","type":"page","link":"https:\/\/wcwc.ca\/fr\/petits-systemes\/","title":{"rendered":"Petits r\u00e9seaux"},"content":{"rendered":"\n<h2 class=\"wp-block-heading\"><strong>Zone des petits r\u00e9seaux<\/strong><\/h2>\n\n\n\n<div class=\"wp-block-columns is-layout-flex wp-container-core-columns-is-layout-28f84493 wp-block-columns-is-layout-flex\">\n<div class=\"wp-block-column is-layout-flow wp-block-column-is-layout-flow\">\n<p>Le Centre de Walkerton pour l\u2019assainissement de l\u2019eau (CWAE) s\u2019est engag\u00e9 \u00e0 apporter son aide aux propri\u00e9taires et les exploitants des petits r\u00e9seaux de l\u2019Ontario.<\/p>\n\n\n\n<p class=\"has-text-align-left\">Le CWAE est l&#8217;administrateur du cours du minist\u00e8re sur le &#8220;Exploitation de petits r\u00e9seaux pour personnes qualifi\u00e9es (R\u00e8gl. de l\u2019Ont. 170\/03)&#8221;. La r\u00e9ussite de ce cours permet au participant d&#8217;obtenir le statut de &#8220;<a href=\"https:\/\/wcwc.ca\/fr\/petits-systemes\/personnes-formees\/\" target=\"_blank\" rel=\"noreferrer noopener\">Personnes qualifi\u00e9e<\/a>&#8221; en vertu de la loi sur la protection de l&#8217;environnement  <a href=\"https:\/\/www.ontario.ca\/lois\/reglement\/040128\" target=\"_blank\" rel=\"noreferrer noopener\">R. O. 170\/03 : Syst\u00e8mes d&#8217;eau potable<\/a>.<\/p>\n\n\n\n<p>Le CWAE organise le cours &#8220;Exploitation de r\u00e9seaux limit\u00e9s&#8221; pour les personnes souhaitant devenir op\u00e9rateurs de r\u00e9seaux limit\u00e9s. Ce cours est une condition pr\u00e9alable \u00e0 l&#8217;obtention d&#8217;un certificat de syst\u00e8me limit\u00e9 en vertu de la loi sur la protection de l&#8217;environnement  <a href=\"https:\/\/www.ontario.ca\/lois\/reglement\/040128\" target=\"_blank\" rel=\"noreferrer noopener\">R. O. 128\/04 : Certification des op\u00e9rateurs de r\u00e9seaux d&#8217;eau potable et des analystes de la qualit\u00e9 de l&#8217;eau<\/a>.Pour plus d&#8217;informations, reportez-vous au guide intitul\u00e9 &#8220;<a href=\"https:\/\/www.ontario.ca\/fr\/page\/devenir-exploitant-dun-reseau-deau-limite\" target=\"_blank\" rel=\"noreferrer noopener\">Devenir exploitant d\u2019un r\u00e9seau d\u2019eau limit\u00e9<\/a>&#8220;.<\/p>\n\n\n\n<p>Les petits r\u00e9seaux de distribution d\u2019eau potable qui sont r\u00e9gis par <a href=\"https:\/\/wcwc.ca\/fr\/petits-systemes\/o-reg-systemes-319-08\/\" target=\"_blank\" rel=\"noreferrer noopener\">R\u00e8glement de l\u2019Ontario 319\/08<\/a> sont \u00e9valu\u00e9s par des inspecteurs de la sant\u00e9 publique (ISP). Ces inspecteurs fournissent une directive aux propri\u00e9taires\/exploitants des r\u00e9seaux qui pr\u00e9cise comment ils peuvent assurer la s\u00e9curit\u00e9 de leur r\u00e9seau. La directive peut comprendre, entre autres, les exigences d\u2019analyse et de traitement de l\u2019eau ainsi que la formation requise pour les exploitants.<\/p>\n<\/div>\n\n\n\n<div class=\"wp-block-column is-layout-flow wp-block-column-is-layout-flow\">\n<figure class=\"wp-block-image aligncenter size-full is-resized\"><img alt decoding=\"async\" width=\"2540\" height=\"2560\" data-image-position=\"1\" src=\"https:\/\/wcwc.ca\/wp-content\/uploads\/2023\/09\/IMG_4592-resized-1-scaled.jpg\" class=\"wp-image-20968 fy-content__image\" style=\"width:433px;height:auto\" srcset=\"https:\/\/wcwc.ca\/wp-content\/uploads\/2023\/09\/IMG_4592-resized-1-scaled.jpg 2540w, https:\/\/wcwc.ca\/wp-content\/uploads\/2023\/09\/IMG_4592-resized-1-298x300.jpg 298w, https:\/\/wcwc.ca\/wp-content\/uploads\/2023\/09\/IMG_4592-resized-1-150x150.jpg 150w, https:\/\/wcwc.ca\/wp-content\/uploads\/2023\/09\/IMG_4592-resized-1-768x774.jpg 768w, https:\/\/wcwc.ca\/wp-content\/uploads\/2023\/09\/IMG_4592-resized-1-1524x1536.jpg 1524w, https:\/\/wcwc.ca\/wp-content\/uploads\/2023\/09\/IMG_4592-resized-1-2032x2048.jpg 2032w, https:\/\/wcwc.ca\/wp-content\/uploads\/2023\/09\/IMG_4592-resized-1-480x484.jpg 480w, https:\/\/wcwc.ca\/wp-content\/uploads\/2023\/09\/IMG_4592-resized-1-1280x1290.jpg 1280w, https:\/\/wcwc.ca\/wp-content\/uploads\/2023\/09\/IMG_4592-resized-1-1920x1935.jpg 1920w\" sizes=\"(max-width: 2540px) 100vw, 2540px\" fetchpriority=\"high\"><div class=\"fy-image-loading fy-image-loading--spinner\" aria-hidden=\"true\"><\/div><\/figure>\n<\/div>\n<\/div>\n\n\n\n<p>Si vous n&#8217;\u00eates pas s\u00fbr des exigences en mati\u00e8re de formation, vous pouvez consulter les informations suivantes ou contacter le Minist\u00e8re de l\u2019Environnement, de la Protection de la nature et des Parcs ou l&#8217;unit\u00e9 locale de sant\u00e9 publique:<\/p>\n\n\n\n<ul class=\"wp-block-list\">\n<li>Les guides du Minist\u00e8re de l\u2019Environnement, de la Protection de la nature et des Parcs pour les \u00e9tablissements d\u00e9sign\u00e9s et les r\u00e9seaux limit\u00e9s et les fiches d&#8217;information du Minist\u00e8re de la Sant\u00e9\u00a0\n<ul class=\"wp-block-list\">\n<li><a href=\"https:\/\/www.ontario.ca\/fr\/page\/distribution-deau-potable-saine-au-public-guide-pour-les-proprietaires-et-les-exploitants-de-reseaux\" target=\"_blank\" rel=\"noreferrer noopener\">Guide pour les exploitants et les propri\u00e9taires de r\u00e9seaux d\u2019eau potable qui desservent des \u00e9tablissements d\u00e9sign\u00e9s<\/a><\/li>\n\n\n\n<li><a href=\"https:\/\/www.ontario.ca\/fr\/page\/distribution-deau-potable-saine-au-public-guide-pour-les-propritaires-et-les-exploitants-de-rseaux\" target=\"_blank\" rel=\"noreferrer noopener\">Guide pour les propri\u00e9taires et les exploitants de r\u00e9seaux d\u2019eau potable r\u00e9sidentiels non municipaux toutes saisons<\/a><\/li>\n\n\n\n<li><a href=\"https:\/\/www.ontario.ca\/fr\/page\/salubrite-de-leau\" target=\"_blank\" rel=\"noreferrer noopener\">Salubrit\u00e9 de l&#8217;eau<\/a><\/li>\n<\/ul>\n<\/li>\n\n\n\n<li>Contactez votre bureau local de le Minist\u00e8re de l\u2019Environnement, de la Protection de la nature et des Parcs et\/ou votre unite de sant\u00e9 publique\n<ul class=\"wp-block-list\">\n<li><a href=\"https:\/\/www.ontario.ca\/fr\/page\/localisateur-des-districts-du-ministere-de-lenvironnement-de-la-protection-de-la-nature-et-des\" target=\"_blank\" rel=\"noreferrer noopener\">Localisateur des districts du minist\u00e8re de l\u2019Environnement, de la Protection de la nature et des Parcs<\/a><\/li>\n\n\n\n<li><a href=\"https:\/\/www.ontario.ca\/fr\/page\/emplacements-des-bureaux-de-sante\" target=\"_blank\" rel=\"noreferrer noopener\">Emplacements des bureaux de sant\u00e9<\/a><\/li>\n<\/ul>\n<\/li>\n\n\n\n<li>Contacter le CWAE\n<ul class=\"wp-block-list\">\n<li><a href=\"https:\/\/wcwc.ca\/fr\/contact\/\" target=\"_blank\" rel=\"noreferrer noopener\">Prendre contact<\/a><\/li>\n<\/ul>\n<\/li>\n<\/ul>\n\n\n\n<hr class=\"wp-block-separator has-alpha-channel-opacity is-style-dots\"\/>\n\n\n\n<div class=\"wp-block-columns is-layout-flex wp-container-core-columns-is-layout-28f84493 wp-block-columns-is-layout-flex\">\n<div class=\"wp-block-column is-layout-flow wp-block-column-is-layout-flow\">\n<div class=\"wp-block-group is-vertical is-content-justification-center is-layout-flex wp-container-core-group-is-layout-ce155fab wp-block-group-is-layout-flex\">\n<figure class=\"wp-block-image size-full is-resized\"><img alt decoding=\"async\" width=\"381\" height=\"356\" src=\"data:image\/svg+xml,%3Csvg%20width%3D%22381%22%20height%3D%22356%22%20xmlns%3D%22http:\/\/www.w3.org\/2000\/svg%22%20viewBox%3D%220%200%20381%20356%22%3E%3C\/svg%3E\" class=\"wp-image-25848 fy-content__image fy-lazy js-lazy\" style=\"width:144px;height:auto\" data-src=\"https:\/\/wcwc.ca\/wp-content\/uploads\/2026\/01\/Trained-Person-Icon-2.png\" data-srcset=\"https:\/\/wcwc.ca\/wp-content\/uploads\/2026\/01\/Trained-Person-Icon-2.png 381w, https:\/\/wcwc.ca\/wp-content\/uploads\/2026\/01\/Trained-Person-Icon-2-300x280.png 300w\" data-sizes=\"(max-width: 381px) 100vw, 381px\" fetchpriority=\"low\"><div class=\"fy-image-loading fy-image-loading--spinner\" aria-hidden=\"true\"><\/div><\/figure>\n<\/div>\n\n\n\n<h2 class=\"wp-block-heading has-text-align-center\"><strong><a href=\"https:\/\/wcwc.ca\/fr\/petits-systemes\/personnes-formees\/\">Personnes qualifi\u00e9es<\/a><\/strong><\/h2>\n\n\n\n<p>Renseignez-vous davantage sur les exigences pour devenir une \u201cpersonne qualifi\u00e9e\u201d pour certains types de r\u00e9seaux d\u2019eau potable. <\/p>\n<\/div>\n\n\n\n<div class=\"wp-block-column is-layout-flow wp-block-column-is-layout-flow\">\n<figure class=\"wp-block-image aligncenter size-full is-resized\"><img alt decoding=\"async\" width=\"381\" height=\"357\" src=\"data:image\/svg+xml,%3Csvg%20width%3D%22381%22%20height%3D%22357%22%20xmlns%3D%22http:\/\/www.w3.org\/2000\/svg%22%20viewBox%3D%220%200%20381%20357%22%3E%3C\/svg%3E\" class=\"wp-image-25847 fy-content__image fy-lazy js-lazy\" style=\"width:144px\" data-src=\"https:\/\/wcwc.ca\/wp-content\/uploads\/2026\/01\/Limited-System-Icon-4.png\" data-srcset=\"https:\/\/wcwc.ca\/wp-content\/uploads\/2026\/01\/Limited-System-Icon-4.png 381w, https:\/\/wcwc.ca\/wp-content\/uploads\/2026\/01\/Limited-System-Icon-4-300x281.png 300w\" data-sizes=\"(max-width: 381px) 100vw, 381px\" fetchpriority=\"low\"><div class=\"fy-image-loading fy-image-loading--spinner\" aria-hidden=\"true\"><\/div><\/figure>\n\n\n\n<h2 class=\"wp-block-heading has-text-align-center\"><strong><a href=\"https:\/\/wcwc.ca\/fr\/petits-systemes\/systemes-limites\/\" data-type=\"link\" data-id=\"https:\/\/wcwc.ca\/fr\/petits-systemes\/systemes-limites\/\">Les r\u00e9seaux limit\u00e9s<\/a><\/strong><\/h2>\n\n\n\n<p>Renseignez-vous davantage sur les exigences pour devenir un exploitant de r\u00e9seau limit\u00e9 pour certains cat\u00e9gories de r\u00e9seaux d\u2019eau potable. <\/p>\n<\/div>\n\n\n\n<div class=\"wp-block-column is-layout-flow wp-block-column-is-layout-flow\">\n<figure class=\"wp-block-image aligncenter size-full is-resized\"><img alt decoding=\"async\" width=\"381\" height=\"356\" src=\"data:image\/svg+xml,%3Csvg%20width%3D%22381%22%20height%3D%22356%22%20xmlns%3D%22http:\/\/www.w3.org\/2000\/svg%22%20viewBox%3D%220%200%20381%20356%22%3E%3C\/svg%3E\" class=\"wp-image-25849 fy-content__image fy-lazy js-lazy\" style=\"width:144px\" data-src=\"https:\/\/wcwc.ca\/wp-content\/uploads\/2026\/01\/OReg31908-Icon.png\" data-srcset=\"https:\/\/wcwc.ca\/wp-content\/uploads\/2026\/01\/OReg31908-Icon.png 381w, https:\/\/wcwc.ca\/wp-content\/uploads\/2026\/01\/OReg31908-Icon-300x280.png 300w\" data-sizes=\"(max-width: 381px) 100vw, 381px\" fetchpriority=\"low\"><div class=\"fy-image-loading fy-image-loading--spinner\" aria-hidden=\"true\"><\/div><\/figure>\n\n\n\n<h2 class=\"wp-block-heading has-text-align-center\"><strong><a href=\"https:\/\/wcwc.ca\/fr\/petits-systemes\/o-reg-systemes-319-08\/\">R. O. 319\/08 &#8211; Petits r\u00e9seaux d\u2019eau potable <\/a><\/strong><\/h2>\n\n\n\n<p>Renseignez-vous sur les petits r\u00e9seaux d\u2019eau potable qui sont r\u00e9glement\u00e9s en vertu des r\u00e8glements de l&#8217;Ontario 318\/08 et 319\/08 de <a href=\"https:\/\/www.ontario.ca\/lois\/loi\/90h07\" target=\"_blank\" rel=\"noreferrer noopener\"><em>Loi sur la protection et la promotion de la sant\u00e9<\/em><\/a>. <\/p>\n<\/div>\n<\/div>\n\n\n\n<hr class=\"wp-block-separator has-alpha-channel-opacity is-style-dots\"\/>\n\n\n\n<blockquote class=\"wp-block-quote is-layout-flow wp-block-quote-is-layout-flow\">\n<p>Dans l\u2019ensemble, le contenu du cours est excellent. Les formateurs sont tr\u00e8s comp\u00e9tents!<\/p>\n<cite>Participant \u2013 Atelier pratique sur les petits syst\u00e8mes du CWAE<\/cite><\/blockquote>\n","protected":false},"excerpt":{"rendered":"<p>Zone des petits r\u00e9seaux Le Centre de Walkerton pour l\u2019assainissement de l\u2019eau (CWAE) s\u2019est engag\u00e9 \u00e0 apporter son aide aux propri\u00e9taires et les exploitants &#8230;<\/p>\n","protected":false},"author":61,"featured_media":0,"parent":0,"menu_order":0,"comment_status":"closed","ping_status":"closed","template":"","meta":{"_acf_changed":false,"_seopress_robots_primary_cat":"","_seopress_titles_title":"","_seopress_titles_desc":"","_seopress_robots_index":"","footnotes":""},"class_list":["post-21597","page","type-page","status-publish","hentry"],"acf":[],"_links":{"self":[{"href":"https:\/\/wcwc.ca\/fr\/wp-json\/wp\/v2\/pages\/21597","targetHints":{"allow":["GET"]}}],"collection":[{"href":"https:\/\/wcwc.ca\/fr\/wp-json\/wp\/v2\/pages"}],"about":[{"href":"https:\/\/wcwc.ca\/fr\/wp-json\/wp\/v2\/types\/page"}],"author":[{"embeddable":true,"href":"https:\/\/wcwc.ca\/fr\/wp-json\/wp\/v2\/users\/61"}],"replies":[{"embeddable":true,"href":"https:\/\/wcwc.ca\/fr\/wp-json\/wp\/v2\/comments?post=21597"}],"version-history":[{"count":16,"href":"https:\/\/wcwc.ca\/fr\/wp-json\/wp\/v2\/pages\/21597\/revisions"}],"predecessor-version":[{"id":26383,"href":"https:\/\/wcwc.ca\/fr\/wp-json\/wp\/v2\/pages\/21597\/revisions\/26383"}],"wp:attachment":[{"href":"https:\/\/wcwc.ca\/fr\/wp-json\/wp\/v2\/media?parent=21597"}],"curies":[{"name":"wp","href":"https:\/\/api.w.org\/{rel}","templated":true}]}}