{"id":21604,"date":"2023-08-16T09:09:11","date_gmt":"2023-08-16T13:09:11","guid":{"rendered":"https:\/\/staging.wcwc.ca\/cours-dinitiation-pour-les-operateurs-en-eau-potable-pour-les-oit\/"},"modified":"2025-04-28T10:41:11","modified_gmt":"2025-04-28T14:41:11","slug":"cours-dinitiation-pour-les-operateurs-en-eau-potable-pour-les-oit","status":"publish","type":"page","link":"https:\/\/wcwc.ca\/fr\/formation\/cours-dinitiation-pour-les-operateurs-en-eau-potable-pour-les-oit\/","title":{"rendered":"Cours de base \u00e0 l\u2019intention des apprentis-exploitants (pour les exploitants en formation)"},"content":{"rendered":"\n<h2 class=\"wp-block-heading\">Cours de base \u00e0 l\u2019intention des apprentis-exploitants (pour les exploitants en formation)<\/h2>\n\n\n\n<p>Le cours de base \u00e0 l\u2019intention des apprentis-exploitants de r\u00e9seaux d\u2019eau potable est un cours obligatoire pour tous les exploitants de r\u00e9seaux. Ce cours a \u00e9t\u00e9 con\u00e7u par le minist\u00e8re de l\u2019Environnement et de l\u2019Action en mati\u00e8re de changement climatique&nbsp;. Il faut r\u00e9ussir ce cours pour pouvoir obtenir un certificat de classe 1 d\u2019apprenti-exploitant de r\u00e9seau d\u2019eau potable.<\/p>\n\n\n\n<div class=\"wp-block-columns is-layout-flex wp-container-core-columns-is-layout-28f84493 wp-block-columns-is-layout-flex\">\n<div class=\"wp-block-column is-layout-flow wp-block-column-is-layout-flow\">\n<h3 class=\"wp-block-heading\">Cours de base \u00e0 l\u2019intention des apprentis-exploitants<\/h3>\n\n\n\n<p>Ce cours permet aux apprentis-exploitants<\/p>\n\n\n\n<ul class=\"wp-block-list\">\n<li>de comprendre les caract\u00e9ristiques et les agents pathog\u00e8nes de l\u2019eau, des processus de traitement et de distribution, <\/li>\n\n\n\n<li>et les r\u00e8glements qui r\u00e9gissent la salubrit\u00e9 de l\u2019eau.<\/li>\n<\/ul>\n\n\n\n<p>Ce cours est destin\u00e9 \u00e0 compl\u00e9ter la formation en cours d&#8217;emploi que les apprentis-exploitants obtiennent de leur employeur.<\/p>\n\n\n\n<ul class=\"wp-block-list\">\n<li><a href=\"https:\/\/wcwc.ca\/fr\/formation\/cours\/\">La page d\u2019inscription aux cours<\/a><\/li>\n\n\n\n<li><a href=\"http:\/\/www.owwco.ca\/\" target=\"_blank\" rel=\"noreferrer noopener\">Examiner les renseignements \u00e0 propos de la certification de l\u2019exploitant sur le site Web de l\u2019OWWCO<\/a><\/li>\n\n\n\n<li><a href=\"https:\/\/wcwc.ca\/wp-content\/uploads\/2025\/04\/ExamRewritePolicy-FR-April-2025.pdf\">R\u00e9viser la politique de reprise des examens li\u00e9e aux cours obligatoires<\/a><\/li>\n\n\n\n<li><a href=\"https:\/\/wcwc.ca\/wp-content\/uploads\/2018\/10\/StudentGuidetoDWandWWOC2017.pdf\">D\u00e9couvrez la brochure du minist\u00e8re intitul\u00e9e : A Student\u2019s Guide to Drinking Water and Wastewater Operator Certification. Ce document n\u2019est pas disponible en fran\u00e7ais. Veuillez cliquer sur ce lien pour consulter la version anglaise.<\/a><\/li>\n<\/ul>\n\n\n\n<p>Le cours de base \u00e0 l\u2019intention des apprentis-exploitants est \u00e9galement inclus dans le programme d&#8217;\u00e9tudes de certains programmes en environnement dans plusieurs coll\u00e8ges de l&#8217;Ontario. Les \u00e9tudiants qui obtiennent un dipl\u00f4me dans le cadre de ces programmes ne sont pas tenus de passer le cours de base \u00e0 l\u2019intention des apprentis-exploitants par l&#8217;interm\u00e9diaire du CWAE.&nbsp;<\/p>\n\n\n\n<figure class=\"wp-block-image size-full\"><img decoding=\"async\" width=\"2560\" height=\"1707\" data-image-position=\"1\" src=\"https:\/\/wcwc.ca\/wp-content\/uploads\/2023\/10\/IMG_9125-scaled.jpg\" alt=\"Photo des participants et de l&#039;instructeur regardant une carte lors du cours d&#039;entr\u00e9e en mati\u00e8re\" class=\"wp-image-21198 fy-content__image\" srcset=\"https:\/\/wcwc.ca\/wp-content\/uploads\/2023\/10\/IMG_9125-scaled.jpg 2560w, https:\/\/wcwc.ca\/wp-content\/uploads\/2023\/10\/IMG_9125-300x200.jpg 300w, https:\/\/wcwc.ca\/wp-content\/uploads\/2023\/10\/IMG_9125-768x512.jpg 768w, https:\/\/wcwc.ca\/wp-content\/uploads\/2023\/10\/IMG_9125-1536x1024.jpg 1536w, https:\/\/wcwc.ca\/wp-content\/uploads\/2023\/10\/IMG_9125-2048x1365.jpg 2048w, https:\/\/wcwc.ca\/wp-content\/uploads\/2023\/10\/IMG_9125-480x320.jpg 480w, https:\/\/wcwc.ca\/wp-content\/uploads\/2023\/10\/IMG_9125-1280x853.jpg 1280w, https:\/\/wcwc.ca\/wp-content\/uploads\/2023\/10\/IMG_9125-1920x1280.jpg 1920w\" sizes=\"(max-width: 2560px) 100vw, 2560px\" fetchpriority=\"high\"><div class=\"fy-image-loading fy-image-loading--spinner\" aria-hidden=\"true\"><\/div><\/figure>\n<\/div>\n\n\n\n<div class=\"wp-block-column is-layout-flow wp-block-column-is-layout-flow\">\n<h3 class=\"wp-block-heading\">Programmes coll\u00e9giaux<\/h3>\n\n\n\n<p>Les coll\u00e8ges de l&#8217;Ontario suivants offrent le cours de base \u00e0 l\u2019intention des apprentis-exploitants \u00e0 leur programme en environnement. <strong>Avant de vous inscrire, veuillez v\u00e9rifier aupr\u00e8s de l&#8217;\u00e9tablissement le statut actuel de chaque programme en ce qui concerne la fourniture du mat\u00e9riel du cours de niveau d\u00e9butant.<\/strong><\/p>\n\n\n\n<ul class=\"wp-block-list\">\n<li>Algonquin College &#8211; 1) <a href=\"http:\/\/www.algonquincollege.com\/pembroke\/program\/environmental-technician\/\" target=\"_blank\" rel=\"noreferrer noopener\"><strong>Environmental Technician Program<\/strong><\/a> et 2) <strong><a href=\"https:\/\/www.algonquincollege.com\/pembroke\/program\/water-and-wastewater-technician\/\" target=\"_blank\" rel=\"noreferrer noopener\">Water and Wastewater Technician Program<\/a><\/strong><\/li>\n\n\n\n<li>Cambrian College &#8211; <a href=\"https:\/\/cambriancollege.ca\/programs\/environmental-monitoring-and-impact-assessment\" target=\"_blank\" rel=\"noreferrer noopener\"><strong>Environmental Monitoring &amp; Impact Assessment Program<\/strong><\/a><\/li>\n\n\n\n<li>Canadore College &#8211; <a href=\"https:\/\/www.canadorecollege.ca\/programs\/environmental-technician\" target=\"_blank\" rel=\"noreferrer noopener\"><strong>Environmental Technician Program<\/strong><\/a><\/li>\n\n\n\n<li>Centennial College &#8211; 1) <strong><a href=\"https:\/\/www.centennialcollege.ca\/programs-courses\/full-time\/environmental-technology\/\" target=\"_blank\" rel=\"noreferrer noopener\">Environmental Technology Program<\/a><\/strong> et 2) <a href=\"https:\/\/www.centennialcollege.ca\/programs-courses\/full-time\/environmental-technician\" target=\"_blank\" rel=\"noreferrer noopener\"><strong>Environmental Technician Program<\/strong><\/a><\/li>\n\n\n\n<li>Confederation College\u00a0&#8211;\u00a0<a href=\"https:\/\/www.confederationcollege.ca\/program\/environmental-technician\" target=\"_blank\" rel=\"noreferrer noopener\"><strong>Environmental Technician Program<\/strong><\/a><\/li>\n\n\n\n<li>Georgian College &#8211; 1) <strong><a href=\"https:\/\/www.georgiancollege.ca\/academics\/programs\/environmental-technician\/\" target=\"_blank\" rel=\"noreferrer noopener\">Environmental Technician Program<\/a><\/strong> et 2) <strong><a href=\"https:\/\/www.georgiancollege.ca\/academics\/programs\/environmental-technology\/\" target=\"_blank\" rel=\"noreferrer noopener\">Environmental Technology Program<\/a><\/strong><\/li>\n\n\n\n<li>Humber College&nbsp;&#8211;&nbsp;<strong><a href=\"https:\/\/appliedtechnology.humber.ca\/programs\/civil-engineering-technology.html\" target=\"_blank\" rel=\"noreferrer noopener\">Civil Engineering Technology Program<\/a><\/strong><\/li>\n\n\n\n<li>Lambton College &#8211; <a href=\"https:\/\/www.lambtoncollege.ca\/programs\/domestic\/ewso\" target=\"_blank\" rel=\"noreferrer noopener\"><strong>Environmental Technician &#8211; Water and Wastewater Systems Operations (EWSO) Program<\/strong><\/a><\/li>\n\n\n\n<li>Loyalist College &#8211; 1) <a href=\"https:\/\/loyalistcollege.com\/programs-and-courses\/full-time-programs\/environmental-technician\/\" target=\"_blank\" rel=\"noreferrer noopener\"><strong>Environmental Technician Program<\/strong><\/a> et 2) <a href=\"https:\/\/loyalistcollege.com\/programs-and-courses\/full-time-programs\/environmental-technician\/\" data-type=\"link\" data-id=\"https:\/\/loyalistcollege.com\/programs-and-courses\/full-time-programs\/environmental-technician\/\" target=\"_blank\" rel=\"noreferrer noopener\"><strong>Environmental Technology Program<\/strong><\/a><\/li>\n\n\n\n<li>Mohawk College &#8211; <a href=\"http:\/\/www.mohawkcollege.ca\/programs\/technology\/environmental-technician-453-463\" target=\"_blank\" rel=\"noreferrer noopener\"><strong>Environmental Technician Program<\/strong><\/a><\/li>\n\n\n\n<li>Niagara College<strong> <\/strong>&#8211;<strong> <\/strong><a href=\"https:\/\/www.niagaracollege.ca\/environment\/program\/environmental-technician\/\" target=\"_blank\" rel=\"noreferrer noopener\"><strong>Environmental Technician Field and Laboratory (Co-op) Program<\/strong><\/a><\/li>\n\n\n\n<li>Northern College, Kirkland Lake Campus &#8211; <a href=\"https:\/\/www.northerncollege.ca\/program\/environmental-technician-water-and-wastewater-systems-operations\/\" target=\"_blank\" rel=\"noreferrer noopener\"><strong>Environmental Technician &#8211; Water and Wastewater Systems Operations Program<\/strong><\/a><\/li>\n\n\n\n<li>Seneca Polytechnic &#8211; 1)<strong> <\/strong><a href=\"https:\/\/www.senecapolytechnic.ca\/programs\/fulltime\/ETM.html\" target=\"_blank\" rel=\"noreferrer noopener\"><strong>Environmental Technician Program<\/strong><\/a><strong> <\/strong>et 2)<strong> <\/strong><a href=\"https:\/\/www.senecapolytechnic.ca\/programs\/fulltime\/EMT.html\" target=\"_blank\" rel=\"noreferrer noopener\"><strong>Environmental Technology Program<\/strong><\/a><\/li>\n\n\n\n<li>University of Guelph Ridgetown<strong> <\/strong>Campus &#8211; <a href=\"https:\/\/www.ridgetownc.com\/future\/denm\/\" target=\"_blank\" rel=\"noreferrer noopener\"><strong>Environmental Technician Program<\/strong><\/a><\/li>\n\n\n\n<li>St. Lawrence College<strong>&nbsp;&#8211;&nbsp;<a href=\"https:\/\/www.stlawrencecollege.ca\/programs\/environmental-technician\/full-time\/cornwall\" target=\"_blank\" rel=\"noreferrer noopener\">Environmental Technician Program<\/a><\/strong><\/li>\n<\/ul>\n\n\n\n<p>Le CWAE appuie les \u00e9tudiants de niveau postsecondaire de l\u2019Ontario. Le CWAE appuie les \u00e9tudiants de niveau postsecondaire de l\u2019Ontario qui suivent le cours coll\u00e9gial de base \u00e0 l\u2019intention des apprentis-exploitants en leur offrant une exp\u00e9rience pratique unique dans le cadre du cours sur le fonctionnement des proc\u00e9d\u00e9s de traitement classiques.<\/p>\n<\/div>\n<\/div>\n\n\n\n<blockquote class=\"wp-block-quote has-text-align-center is-layout-flow wp-block-quote-is-layout-flow\">\n<p class=\"has-text-align-center\">Ce que disent nos clients &#8211; <\/p>\n<cite>Un cours tr\u00e8s instructif et une grande exp\u00e9rience pratique. Les instructeurs sont extraordinaires !<br>Fleming College Student &#8211; Cours sur le fonctionnement des proc\u00e9d\u00e9s de traitement conventionnels<\/cite><\/blockquote>\n","protected":false},"excerpt":{"rendered":"<p>Cours de base \u00e0 l\u2019intention des apprentis-exploitants (pour les exploitants en formation) Le cours de base \u00e0 l\u2019intention des apprentis-exploitants de r\u00e9seaux d\u2019eau potable &#8230;<\/p>\n","protected":false},"author":61,"featured_media":0,"parent":21606,"menu_order":0,"comment_status":"closed","ping_status":"closed","template":"","meta":{"_acf_changed":false,"_seopress_robots_primary_cat":"","_seopress_titles_title":"","_seopress_titles_desc":"","_seopress_robots_index":"","footnotes":""},"class_list":["post-21604","page","type-page","status-publish","hentry"],"acf":[],"_links":{"self":[{"href":"https:\/\/wcwc.ca\/fr\/wp-json\/wp\/v2\/pages\/21604","targetHints":{"allow":["GET"]}}],"collection":[{"href":"https:\/\/wcwc.ca\/fr\/wp-json\/wp\/v2\/pages"}],"about":[{"href":"https:\/\/wcwc.ca\/fr\/wp-json\/wp\/v2\/types\/page"}],"author":[{"embeddable":true,"href":"https:\/\/wcwc.ca\/fr\/wp-json\/wp\/v2\/users\/61"}],"replies":[{"embeddable":true,"href":"https:\/\/wcwc.ca\/fr\/wp-json\/wp\/v2\/comments?post=21604"}],"version-history":[{"count":22,"href":"https:\/\/wcwc.ca\/fr\/wp-json\/wp\/v2\/pages\/21604\/revisions"}],"predecessor-version":[{"id":24968,"href":"https:\/\/wcwc.ca\/fr\/wp-json\/wp\/v2\/pages\/21604\/revisions\/24968"}],"up":[{"embeddable":true,"href":"https:\/\/wcwc.ca\/fr\/wp-json\/wp\/v2\/pages\/21606"}],"wp:attachment":[{"href":"https:\/\/wcwc.ca\/fr\/wp-json\/wp\/v2\/media?parent=21604"}],"curies":[{"name":"wp","href":"https:\/\/api.w.org\/{rel}","templated":true}]}}