{"id":21606,"date":"2023-07-25T16:14:31","date_gmt":"2023-07-25T20:14:31","guid":{"rendered":"https:\/\/staging.wcwc.ca\/formation\/"},"modified":"2024-09-25T09:03:34","modified_gmt":"2024-09-25T13:03:34","slug":"formation","status":"publish","type":"page","link":"https:\/\/wcwc.ca\/fr\/formation\/","title":{"rendered":"Formation"},"content":{"rendered":"\n<h2 class=\"wp-block-heading\">Pourquoi obtenir une formation avec le CWAE?<\/h2>\n\n\n\n<ul class=\"wp-block-list\">\n<li>Instructeurs <strong>exp\u00e9riment\u00e9s<\/strong> &#8211; Nous offrons une formation de grande qualit\u00e9. Nous disposons un contenu de cours et une m\u00e9thodologie pertinents et d\u00e9taill\u00e9s, encadr\u00e9s par des instructeurs tr\u00e8s qualifi\u00e9s. <\/li>\n\n\n\n<li><strong>Comprendre les besoins<\/strong> &#8211; Nous comprenons et r\u00e9pondons aux besoins de formation des petites et grandes installations ainsi que des installations des Premi\u00e8res Nations, \u00e0 l\u2019\u00e9chelle de la province.<\/li>\n\n\n\n<li><strong>Ce qu&#8217;il faut savoir<\/strong> &#8211; Notre programme d&#8217;assurance qualit\u00e9 garantit que le Centre offre le plus haut niveau de qualit\u00e9 en termes de contenu, de m\u00e9thodologie et d&#8217;enseignement dans ses cours de formation des op\u00e9rateurs en eau potable.<\/li>\n\n\n\n<li><strong>Disponibilit\u00e9<\/strong> &#8211; Nous essayons constamment d\u2019accro\u00eetre la disponibilit\u00e9 des possibilit\u00e9s de formation en Ontario.<\/li>\n\n\n\n<li><strong>Formation sur place<\/strong> &#8211; Nous pouvons organiser des s\u00e9ances de formation dans votre municipalit\u00e9 afin de former votre \u00e9quipe lorsque ceci leur convient le mieux.<\/li>\n\n\n\n<li><strong>Flexibilit\u00e9<\/strong> &#8211; Nous proposons des cours sous diff\u00e9rentes formes &#8211; en personne, virtuels, par correspondance et en ligne gr\u00e2ce \u00e0 l&#8217;apprentissage en ligne.<\/li>\n<\/ul>\n\n\n\n<div class=\"wp-block-group is-layout-constrained wp-block-group-is-layout-constrained\">\n<div class=\"wp-block-columns is-layout-flex wp-container-core-columns-is-layout-28f84493 wp-block-columns-is-layout-flex\">\n<div class=\"wp-block-column is-layout-flow wp-block-column-is-layout-flow\">\n<figure class=\"wp-block-image aligncenter size-full is-style-default\"><img decoding=\"async\" width=\"370\" height=\"279\" data-image-position=\"1\" src=\"https:\/\/wcwc.ca\/wp-content\/uploads\/2018\/10\/courses-img1.jpg\" alt=\"d\u00e9coratif\" class=\"wp-image-6195 fy-content__image\" srcset=\"https:\/\/wcwc.ca\/wp-content\/uploads\/2018\/10\/courses-img1.jpg 370w, https:\/\/wcwc.ca\/wp-content\/uploads\/2018\/10\/courses-img1-300x226.jpg 300w\" sizes=\"(max-width: 370px) 100vw, 370px\" fetchpriority=\"high\"><div class=\"fy-image-loading fy-image-loading--spinner\" aria-hidden=\"true\"><\/div><\/figure>\n\n\n\n<p class=\"has-text-align-center\"><a href=\"\/training\/course-schedule\/\">S&#8217;inscrire ou consulter nos cours<\/a><\/p>\n\n\n\n<p class=\"has-text-align-center\">Pour assurer une formation du plus haut calibre dans l\u2019industrie de l\u2019eau potable, nous collaborons avec des experts reconnus dans le domaine pour \u00e9laborer et fournir nos cours.<\/p>\n<\/div>\n\n\n\n<div class=\"wp-block-column is-layout-flow wp-block-column-is-layout-flow\">\n<figure class=\"wp-block-image aligncenter size-full is-resized\"><img decoding=\"async\" width=\"2000\" height=\"1569\" src=\"data:image\/svg+xml,%3Csvg%20width%3D%222000%22%20height%3D%221569%22%20xmlns%3D%22http:\/\/www.w3.org\/2000\/svg%22%20viewBox%3D%220%200%202000%201569%22%3E%3C\/svg%3E\" alt=\"d\u00e9coratif\" class=\"wp-image-4697 fy-content__image fy-lazy js-lazy\" style=\"object-fit:cover;width:300px;height:275px\" data-src=\"https:\/\/wcwc.ca\/wp-content\/uploads\/2018\/09\/023_copy.jpg\" data-srcset=\"https:\/\/wcwc.ca\/wp-content\/uploads\/2018\/09\/023_copy.jpg 2000w, https:\/\/wcwc.ca\/wp-content\/uploads\/2018\/09\/023_copy-300x235.jpg 300w, https:\/\/wcwc.ca\/wp-content\/uploads\/2018\/09\/023_copy-768x602.jpg 768w\" data-sizes=\"(max-width: 2000px) 100vw, 2000px\" fetchpriority=\"low\"><div class=\"fy-image-loading fy-image-loading--spinner\" aria-hidden=\"true\"><\/div><\/figure>\n\n\n\n<p class=\"has-text-align-center\"><a href=\"\/training\/entry-level-course-for-drinking-water-operators-for-oits\/\">Cours de base \u00e0 l&#8217;intention des apprentis-exploitants<\/a><\/p>\n\n\n\n<p class=\"has-text-align-center\">Le CWAE offre ce cours obligatoire pour tous les exploitants de r\u00e9seaux d\u2019eau potable. Ce cours est d\u00e9velopp\u00e9 par le minist\u00e8re. <\/p>\n<\/div>\n\n\n\n<div class=\"wp-block-column is-layout-flow wp-block-column-is-layout-flow\">\n<figure class=\"wp-block-image aligncenter size-full\"><img decoding=\"async\" width=\"370\" height=\"279\" src=\"data:image\/svg+xml,%3Csvg%20width%3D%22370%22%20height%3D%22279%22%20xmlns%3D%22http:\/\/www.w3.org\/2000\/svg%22%20viewBox%3D%220%200%20370%20279%22%3E%3C\/svg%3E\" alt=\"d\u00e9coratif\" class=\"wp-image-6654 fy-content__image fy-lazy js-lazy\" data-src=\"https:\/\/wcwc.ca\/wp-content\/uploads\/2018\/11\/courses-img3.jpg\" data-srcset=\"https:\/\/wcwc.ca\/wp-content\/uploads\/2018\/11\/courses-img3.jpg 370w, https:\/\/wcwc.ca\/wp-content\/uploads\/2018\/11\/courses-img3-300x226.jpg 300w\" data-sizes=\"(max-width: 370px) 100vw, 370px\" fetchpriority=\"low\"><div class=\"fy-image-loading fy-image-loading--spinner\" aria-hidden=\"true\"><\/div><\/figure>\n\n\n\n<p class=\"has-text-align-center\"><a href=\"\/training\/course-schedule\/\">Cours obligatoire de renouvellement du certificat<\/a><\/p>\n\n\n\n<p class=\"has-text-align-center\">Les exploitants de r\u00e9seaux d\u2019eau potable et les analystes de la qualit\u00e9 de l\u2019eau doivent suivre ce cours obligatoire con\u00e7u par le minist\u00e8re pour pouvoir renouveler leur certificat.<\/p>\n<\/div>\n<\/div>\n<\/div>\n","protected":false},"excerpt":{"rendered":"<p>Pourquoi obtenir une formation avec le CWAE? S&#8217;inscrire ou consulter nos cours Pour assurer une formation du plus haut calibre dans l\u2019industrie de l\u2019eau &#8230;<\/p>\n","protected":false},"author":61,"featured_media":0,"parent":0,"menu_order":0,"comment_status":"closed","ping_status":"closed","template":"","meta":{"_acf_changed":false,"_seopress_robots_primary_cat":"","_seopress_titles_title":"","_seopress_titles_desc":"","_seopress_robots_index":"","_seopress_analysis_target_kw":"","footnotes":""},"class_list":["post-21606","page","type-page","status-publish","hentry"],"acf":[],"_links":{"self":[{"href":"https:\/\/wcwc.ca\/fr\/wp-json\/wp\/v2\/pages\/21606","targetHints":{"allow":["GET"]}}],"collection":[{"href":"https:\/\/wcwc.ca\/fr\/wp-json\/wp\/v2\/pages"}],"about":[{"href":"https:\/\/wcwc.ca\/fr\/wp-json\/wp\/v2\/types\/page"}],"author":[{"embeddable":true,"href":"https:\/\/wcwc.ca\/fr\/wp-json\/wp\/v2\/users\/61"}],"replies":[{"embeddable":true,"href":"https:\/\/wcwc.ca\/fr\/wp-json\/wp\/v2\/comments?post=21606"}],"version-history":[{"count":11,"href":"https:\/\/wcwc.ca\/fr\/wp-json\/wp\/v2\/pages\/21606\/revisions"}],"predecessor-version":[{"id":24670,"href":"https:\/\/wcwc.ca\/fr\/wp-json\/wp\/v2\/pages\/21606\/revisions\/24670"}],"wp:attachment":[{"href":"https:\/\/wcwc.ca\/fr\/wp-json\/wp\/v2\/media?parent=21606"}],"curies":[{"name":"wp","href":"https:\/\/api.w.org\/{rel}","templated":true}]}}