{"id":21609,"date":"2023-06-27T15:28:53","date_gmt":"2023-06-27T19:28:53","guid":{"rendered":"https:\/\/staging.wcwc.ca\/information-sur-lorganisme__trashed\/reconnaissance-des-terres\/"},"modified":"2024-01-10T15:40:01","modified_gmt":"2024-01-10T20:40:01","slug":"reconnaissance-des-terres","status":"publish","type":"page","link":"https:\/\/wcwc.ca\/fr\/a-propos-de\/reconnaissance-des-terres\/","title":{"rendered":"Reconnaissance des terres"},"content":{"rendered":"\n<h2 class=\"wp-block-heading\">Reconnaissance des terres<\/h2>\n\n\n\n<p>Le Centre de Walkerton pour l&#8217;assainissement de l&#8217;eau (Centre) reconna\u00eet les droits ancestraux et issus de trait\u00e9s des communaut\u00e9s des Premi\u00e8res nations, des Inuits et des M\u00e9tis, tels qu&#8217;ils sont reconnus et confirm\u00e9s \u00e0 l&#8217;article 35 de la Loi constitutionnelle de 1982. Dans l\u2019esprit de la v\u00e9rit\u00e9 et de la r\u00e9conciliation, le Centre reconna\u00eet que les territoires aujourd\u2019hui habit\u00e9s par les Ontariens, et \u00e0 partir desquels le Centre offre ses services et ses formations, sont des territoires traditionnels non c\u00e9d\u00e9s des peuples autochtones. Le Centre reconna\u00eet respectueusement l\u2019histoire, la spiritualit\u00e9 et la culture dynamique des peuples autochtones qui sont les gardiens de ce territoire et de ces cours d\u2019eau depuis des temps imm\u00e9moriaux. Ces g\u00e9n\u00e9rations pass\u00e9es de gardiens ont transmis \u00e0 tous la responsabilit\u00e9 d\u2019honorer les terres et les cours d\u2019eau sacr\u00e9s qui font partie int\u00e9grante de la vie de chacun. En tant que source de vie, de nourriture et de purification, l\u2019eau offre de nombreux enseignements, que le Centre aimerait int\u00e9grer dans ses formations et ses services. Cette reconnaissance rappelle l\u2019engagement du Centre \u00e0 d\u00e9velopper de nouvelles relations, \u00e0 conclure de nouveaux partenariats et \u00e0 acqu\u00e9rir une meilleure compr\u00e9hension afin que nous puissions aller de l\u2019avant dans un esprit de r\u00e9conciliation et de collaboration.<\/p>\n\n\n\n<p>Outre la reconnaissance des terres, le Centre a mis en \u0153uvre une politique de relations avec les autochtones. Le Centre s&#8217;engage \u00e0 travailler en collaboration, avec transparence et dans le plus grand respect des populations autochtones de l&#8217;Ontario, afin de r\u00e9pondre \u00e0 leurs besoins en mati\u00e8re de syst\u00e8mes d&#8217;approvisionnement en eau.<\/p>\n","protected":false},"excerpt":{"rendered":"<p>Reconnaissance des terres Le Centre de Walkerton pour l&#8217;assainissement de l&#8217;eau (Centre) reconna\u00eet les droits ancestraux et issus de trait\u00e9s des communaut\u00e9s des Premi\u00e8res &#8230;<\/p>\n","protected":false},"author":61,"featured_media":0,"parent":21722,"menu_order":0,"comment_status":"closed","ping_status":"closed","template":"","meta":{"_acf_changed":false,"_seopress_robots_primary_cat":"","_seopress_titles_title":"","_seopress_titles_desc":"","_seopress_robots_index":"","_seopress_analysis_target_kw":"","footnotes":""},"class_list":["post-21609","page","type-page","status-publish","hentry"],"acf":[],"_links":{"self":[{"href":"https:\/\/wcwc.ca\/fr\/wp-json\/wp\/v2\/pages\/21609","targetHints":{"allow":["GET"]}}],"collection":[{"href":"https:\/\/wcwc.ca\/fr\/wp-json\/wp\/v2\/pages"}],"about":[{"href":"https:\/\/wcwc.ca\/fr\/wp-json\/wp\/v2\/types\/page"}],"author":[{"embeddable":true,"href":"https:\/\/wcwc.ca\/fr\/wp-json\/wp\/v2\/users\/61"}],"replies":[{"embeddable":true,"href":"https:\/\/wcwc.ca\/fr\/wp-json\/wp\/v2\/comments?post=21609"}],"version-history":[{"count":14,"href":"https:\/\/wcwc.ca\/fr\/wp-json\/wp\/v2\/pages\/21609\/revisions"}],"predecessor-version":[{"id":23199,"href":"https:\/\/wcwc.ca\/fr\/wp-json\/wp\/v2\/pages\/21609\/revisions\/23199"}],"up":[{"embeddable":true,"href":"https:\/\/wcwc.ca\/fr\/wp-json\/wp\/v2\/pages\/21722"}],"wp:attachment":[{"href":"https:\/\/wcwc.ca\/fr\/wp-json\/wp\/v2\/media?parent=21609"}],"curies":[{"name":"wp","href":"https:\/\/api.w.org\/{rel}","templated":true}]}}