{"id":21611,"date":"2023-06-09T14:12:36","date_gmt":"2023-06-09T18:12:36","guid":{"rendered":"https:\/\/staging.wcwc.ca\/information-sur-lorganisme__trashed\/offres-demploi\/"},"modified":"2026-01-14T11:53:01","modified_gmt":"2026-01-14T16:53:01","slug":"offres-demploi","status":"publish","type":"page","link":"https:\/\/wcwc.ca\/fr\/a-propos-de\/offres-demploi\/","title":{"rendered":"Possibilit\u00e9s d&#8217;emploi"},"content":{"rendered":"\n<h1 class=\"wp-block-heading\">Bienvenue au centre de carri\u00e8re du CWAE<\/h1>\n\n<h2 class=\"wp-block-heading\"><strong>Rejoignez notre \u00e9quipe d\u00e8s aujourd&#8217;hui! <\/strong><\/h2>\n\n<div id=\"HumiJobBoard\" data-company=\"wcwc\"><\/div><script src=\"https:\/\/wcwc.applytojobs.ca\/embed.js\" async=\"\" defer=\"defer\"><\/script>\n\n<p>En vertu du code des droits de la personne, le CWAE fournira des am\u00e9nagements dans le cadre de la proc\u00e9dure de recrutement et de s\u00e9lection, si la demande en est faite.<\/p>\n","protected":false},"excerpt":{"rendered":"<p>Bienvenue au centre de carri\u00e8re du CWAE Rejoignez notre \u00e9quipe d\u00e8s aujourd&#8217;hui! En vertu du code des droits de la personne, le CWAE fournira &#8230;<\/p>\n","protected":false},"author":61,"featured_media":0,"parent":21722,"menu_order":0,"comment_status":"closed","ping_status":"closed","template":"","meta":{"_acf_changed":false,"_seopress_robots_primary_cat":"","_seopress_titles_title":"","_seopress_titles_desc":"","_seopress_robots_index":"","footnotes":""},"class_list":["post-21611","page","type-page","status-publish","hentry"],"acf":[],"_links":{"self":[{"href":"https:\/\/wcwc.ca\/fr\/wp-json\/wp\/v2\/pages\/21611","targetHints":{"allow":["GET"]}}],"collection":[{"href":"https:\/\/wcwc.ca\/fr\/wp-json\/wp\/v2\/pages"}],"about":[{"href":"https:\/\/wcwc.ca\/fr\/wp-json\/wp\/v2\/types\/page"}],"author":[{"embeddable":true,"href":"https:\/\/wcwc.ca\/fr\/wp-json\/wp\/v2\/users\/61"}],"replies":[{"embeddable":true,"href":"https:\/\/wcwc.ca\/fr\/wp-json\/wp\/v2\/comments?post=21611"}],"version-history":[{"count":18,"href":"https:\/\/wcwc.ca\/fr\/wp-json\/wp\/v2\/pages\/21611\/revisions"}],"predecessor-version":[{"id":25807,"href":"https:\/\/wcwc.ca\/fr\/wp-json\/wp\/v2\/pages\/21611\/revisions\/25807"}],"up":[{"embeddable":true,"href":"https:\/\/wcwc.ca\/fr\/wp-json\/wp\/v2\/pages\/21722"}],"wp:attachment":[{"href":"https:\/\/wcwc.ca\/fr\/wp-json\/wp\/v2\/media?parent=21611"}],"curies":[{"name":"wp","href":"https:\/\/api.w.org\/{rel}","templated":true}]}}