{"id":21612,"date":"2023-10-11T12:44:02","date_gmt":"2023-10-11T16:44:02","guid":{"rendered":"https:\/\/staging.wcwc.ca\/services\/visites-dinstallations\/"},"modified":"2024-09-25T09:00:42","modified_gmt":"2024-09-25T13:00:42","slug":"visites-dinstallations","status":"publish","type":"page","link":"https:\/\/wcwc.ca\/fr\/services\/visites-dinstallations\/","title":{"rendered":"Visite des installations"},"content":{"rendered":"\n<h2 class=\"wp-block-heading\">Visite des installations<\/h2>\n\n\n\n<div class=\"wp-block-columns is-layout-flex wp-container-core-columns-is-layout-28f84493 wp-block-columns-is-layout-flex\">\n<div class=\"wp-block-column is-layout-flow wp-block-column-is-layout-flow\">\n<p>Situ\u00e9 dans l&#8217;East Ridge Business Park de Walkerton, le Centre pour l&#8217;eau propre de Walkerton (le Centre) occupe une superficie de 19 150 pieds carr\u00e9s et est \u00e0 une distance raisonnable en voiture des principales r\u00e9gions m\u00e9tropolitaines du sud de l&#8217;Ontario.<\/p>\n\n\n\n<p>Le Centre est certifi\u00e9 LEED (Leadership in Energy and Environmental Design), comprend :<\/p>\n\n\n\n<ul class=\"wp-block-list\">\n<li>une installation de d\u00e9monstration technologique,<\/li>\n\n\n\n<li>trois salles de formation,<\/li>\n\n\n\n<li>un laboratoire,<\/li>\n\n\n\n<li>et une salle de conf\u00e9rence.<\/li>\n<\/ul>\n\n\n\n<p>Les installations modernes du Centre sont con\u00e7ues pour offrir un milieu de formation confortable. Le parc de stationnement comporte des espaces d\u00e9sign\u00e9s pour les v\u00e9hicules de covoiturage et \u00e0 combustible de remplacement.<\/p>\n\n\n\n<p>L&#8217;installation de d\u00e9monstration technologique constitue une plateforme unique pour la formation pratique et les travaux de recherche s\u2019adressant aux exploitants et \u00e0 d\u2019autres professionnels de l&#8217;eau potable. Il comprend :<\/p>\n\n\n\n<ul class=\"wp-block-list\">\n<li>les derni\u00e8res technologies conventionnelles et avanc\u00e9es de traitement et de contr\u00f4le de l&#8217;eau,<\/li>\n\n\n\n<li>les r\u00e9seaux de distribution de pilotes int\u00e9rieurs et ext\u00e9rieurs, <\/li>\n\n\n\n<li>une salle de formation,<\/li>\n\n\n\n<li>et un laboratoire.<\/li>\n<\/ul>\n\n\n\n<p>Int\u00e9ress\u00e9 par une visite ? Planifiez une visite du Centre et \u00e0 se joindre \u00e0 une visite guid\u00e9e non technique ou technique. Les participants aux visites guid\u00e9es non techniques assisteront \u00e0 une pr\u00e9sentation d\u00e9crivant du Centre et de ses services, et donnant un aper\u00e7u de la certification LEED de l&#8217;installation et une br\u00e8ve visite de l&#8217;installation de d\u00e9monstration technologique, incluant l&#8217;usine pilote et le laboratoire.<\/p>\n\n\n\n<p>Pour plus d&#8217;informations, contactez-nous par t\u00e9l\u00e9phone au 866-515-0550 ou envoyez un courriel \u00e0 <a href=\"mailto:inquiry@wcwc.ca?subject=Inquiry\" target=\"_blank\" rel=\"noreferrer noopener\">inquiry@wcwc.ca<\/a>.<\/p>\n<\/div>\n\n\n\n<div class=\"wp-block-column is-layout-flow wp-block-column-is-layout-flow\">\n<figure class=\"wp-block-image size-full\"><img decoding=\"async\" width=\"585\" height=\"389\" data-image-position=\"1\" src=\"https:\/\/wcwc.ca\/wp-content\/uploads\/2018\/10\/tour-photo-1.jpg\" alt=\"d\u00e9coratif\" class=\"wp-image-6443 fy-content__image\" srcset=\"https:\/\/wcwc.ca\/wp-content\/uploads\/2018\/10\/tour-photo-1.jpg 585w, https:\/\/wcwc.ca\/wp-content\/uploads\/2018\/10\/tour-photo-1-300x199.jpg 300w\" sizes=\"(max-width: 585px) 100vw, 585px\" fetchpriority=\"high\"><div class=\"fy-image-loading fy-image-loading--spinner\" aria-hidden=\"true\"><\/div><\/figure>\n\n\n\n<figure class=\"wp-block-image size-full\"><img decoding=\"async\" width=\"585\" height=\"389\" src=\"data:image\/svg+xml,%3Csvg%20width%3D%22585%22%20height%3D%22389%22%20xmlns%3D%22http:\/\/www.w3.org\/2000\/svg%22%20viewBox%3D%220%200%20585%20389%22%3E%3C\/svg%3E\" alt=\"d\u00e9coratif\" class=\"wp-image-6446 fy-content__image fy-lazy js-lazy\" data-src=\"https:\/\/wcwc.ca\/wp-content\/uploads\/2018\/10\/tour-photo-2.jpg\" data-srcset=\"https:\/\/wcwc.ca\/wp-content\/uploads\/2018\/10\/tour-photo-2.jpg 585w, https:\/\/wcwc.ca\/wp-content\/uploads\/2018\/10\/tour-photo-2-300x199.jpg 300w\" data-sizes=\"(max-width: 585px) 100vw, 585px\" fetchpriority=\"low\"><div class=\"fy-image-loading fy-image-loading--spinner\" aria-hidden=\"true\"><\/div><\/figure>\n<\/div>\n<\/div>\n","protected":false},"excerpt":{"rendered":"<p>Visite des installations Situ\u00e9 dans l&#8217;East Ridge Business Park de Walkerton, le Centre pour l&#8217;eau propre de Walkerton (le Centre) occupe une superficie de &#8230;<\/p>\n","protected":false},"author":61,"featured_media":0,"parent":21600,"menu_order":0,"comment_status":"closed","ping_status":"closed","template":"","meta":{"_acf_changed":false,"_seopress_robots_primary_cat":"","_seopress_titles_title":"","_seopress_titles_desc":"","_seopress_robots_index":"","footnotes":""},"class_list":["post-21612","page","type-page","status-publish","hentry"],"acf":[],"_links":{"self":[{"href":"https:\/\/wcwc.ca\/fr\/wp-json\/wp\/v2\/pages\/21612","targetHints":{"allow":["GET"]}}],"collection":[{"href":"https:\/\/wcwc.ca\/fr\/wp-json\/wp\/v2\/pages"}],"about":[{"href":"https:\/\/wcwc.ca\/fr\/wp-json\/wp\/v2\/types\/page"}],"author":[{"embeddable":true,"href":"https:\/\/wcwc.ca\/fr\/wp-json\/wp\/v2\/users\/61"}],"replies":[{"embeddable":true,"href":"https:\/\/wcwc.ca\/fr\/wp-json\/wp\/v2\/comments?post=21612"}],"version-history":[{"count":3,"href":"https:\/\/wcwc.ca\/fr\/wp-json\/wp\/v2\/pages\/21612\/revisions"}],"predecessor-version":[{"id":22716,"href":"https:\/\/wcwc.ca\/fr\/wp-json\/wp\/v2\/pages\/21612\/revisions\/22716"}],"up":[{"embeddable":true,"href":"https:\/\/wcwc.ca\/fr\/wp-json\/wp\/v2\/pages\/21600"}],"wp:attachment":[{"href":"https:\/\/wcwc.ca\/fr\/wp-json\/wp\/v2\/media?parent=21612"}],"curies":[{"name":"wp","href":"https:\/\/api.w.org\/{rel}","templated":true}]}}