{"id":21649,"date":"2023-05-26T13:47:04","date_gmt":"2023-05-26T17:47:04","guid":{"rendered":"https:\/\/staging.wcwc.ca\/accessibilite\/"},"modified":"2026-01-05T08:15:31","modified_gmt":"2026-01-05T13:15:31","slug":"accessibilite","status":"publish","type":"page","link":"https:\/\/wcwc.ca\/fr\/a-propos-de\/politiques-du-wcwc\/accessibilite\/","title":{"rendered":"Accessibilit\u00e9"},"content":{"rendered":"\n<h2 class=\"wp-block-heading\">Accessibilit\u00e9<\/h2>\n\n<p>Les normes d&#8217;accessibilit\u00e9 pour les services \u00e0 la client\u00e8le, r\u00e8glement de l&#8217;Ontario 429\/07, sont entr\u00e9es en vigueur le 1er janvier 2008. Il s&#8217;agit de la premi\u00e8re norme d&#8217;accessibilit\u00e9 en vertu de la loi de 2005 sur l&#8217;accessibilit\u00e9 pour les personnes handicap\u00e9es de l&#8217;Ontario. Cette norme importante vise \u00e0 cr\u00e9er un Ontario sans obstacle et accessible d&#8217;ici 2025. Renseignements sur ce que les clients peuvent attendre de nous :<\/p>\n\n<ul class=\"wp-block-list\">\n<li><a href=\"https:\/\/wcwc.ca\/agency-information\/wcwc-policies-new\/accessibility-new\/accessibility-policy\/\" data-type=\"page\" data-id=\"20519\">Politique d&#8217;accessibilit\u00e9<\/a><\/li>\n\n\n\n<li><a href=\"https:\/\/wcwc.ca\/wp-content\/uploads\/2025\/12\/MYAP-Annual-Progress-Report-2025-FR-Final.pdf\" data-type=\"link\" data-id=\"https:\/\/wcwc.ca\/wp-content\/uploads\/2025\/12\/MYAP-Annual-Progress-Report-2025-FR-Final.pdf\">Rapport d\u2019\u00e9tape annuel 2025 du plan d\u2019accessibilit\u00e9 pluriannuel<\/a><\/li>\n\n\n\n<li><a href=\"https:\/\/wcwc.ca\/wp-content\/uploads\/2025\/12\/2025-AODA-Compliance-Report-FR.pdf\" data-type=\"attachment\" data-id=\"25731\">2025 Rapport de conformit\u00e9 \u00e0 la LAPHO<\/a><\/li>\n\n\n\n<li><a href=\"https:\/\/wcwc.ca\/wp-content\/uploads\/2025\/12\/Multi-Year-Accessibility-Plan-2026-2029-FR.pdf\" data-type=\"attachment\" data-id=\"25740\">Plan d&#8217;accessibilit\u00e9 pluriannuel pour le CWAE<\/a><\/li>\n<\/ul>\n\n<p>Pour obtenir des informations g\u00e9n\u00e9rales sur le service \u00e0 la client\u00e8le et faire part de vos commentaires, veuillez consulter notre <a href=\"https:\/\/wcwc.ca\/fr\/politique-de-service-a-la-clientele\/\" data-type=\"URL\" data-id=\"https:\/\/wcwc.ca\/wp-content\/uploads\/2021\/11\/Feedback-Process-and-Form.pdf\">politique de service \u00e0 la client\u00e8le<\/a>.<\/p>\n\n<h3 class=\"wp-block-heading\">Ressources<\/h3>\n\n<ul class=\"wp-block-list\">\n<li><a href=\"https:\/\/www.ontario.ca\/page\/accessibility-laws\" target=\"_blank\" rel=\"noreferrer noopener\">Lois sur l&#8217;accessibilit\u00e9 en Ontario<\/a><\/li>\n\n\n\n<li><a href=\"http:\/\/www.e-laws.gov.on.ca\/html\/statutes\/english\/elaws_statutes_05a11_e.htm\" target=\"_blank\" rel=\"noreferrer noopener\">Loi de 2005 sur l&#8217;accessibilit\u00e9 pour les personnes handicap\u00e9es de l&#8217;Ontario (LAPHO)<\/a><\/li>\n\n\n\n<li><a href=\"http:\/\/www.e-laws.gov.on.ca\/html\/source\/regs\/english\/2007\/elaws_src_regs_r07429_e.htm\" target=\"_blank\" rel=\"noreferrer noopener\">R\u00e8glement de l&#8217;Ontario 429\/07, Normes d&#8217;accessibilit\u00e9 pour les services \u00e0 la client\u00e8le<\/a><\/li>\n\n\n\n<li><a href=\"https:\/\/www.canlii.org\/en\/on\/laws\/stat\/so-2001-c-32\/latest\/so-2001-c-32.html\" target=\"_blank\" rel=\"noreferrer noopener\">Loi de 2001 sur les personnes handicap\u00e9es de l&#8217;Ontario (LAPHO)<\/a><\/li>\n\n\n\n<li><a href=\"http:\/\/www.e-laws.gov.on.ca\/html\/statutes\/english\/elaws_statutes_90h19_e.htm\" target=\"_blank\" rel=\"noreferrer noopener\">Code des droits de la personne de l&#8217;Ontario<\/a><\/li>\n\n\n\n<li><a href=\"http:\/\/laws-lois.justice.gc.ca\/eng\/Const\/page-15.html\" target=\"_blank\" rel=\"noreferrer noopener\">Charte canadienne des droits et libert\u00e9s<\/a><\/li>\n<\/ul>\n","protected":false},"excerpt":{"rendered":"<p>Accessibilit\u00e9 Les normes d&#8217;accessibilit\u00e9 pour les services \u00e0 la client\u00e8le, r\u00e8glement de l&#8217;Ontario 429\/07, sont entr\u00e9es en vigueur le 1er janvier 2008. Il s&#8217;agit &#8230;<\/p>\n","protected":false},"author":61,"featured_media":0,"parent":21650,"menu_order":1,"comment_status":"closed","ping_status":"closed","template":"","meta":{"_acf_changed":false,"_seopress_robots_primary_cat":"","_seopress_titles_title":"","_seopress_titles_desc":"","_seopress_robots_index":"","footnotes":""},"class_list":["post-21649","page","type-page","status-publish","hentry"],"acf":[],"_links":{"self":[{"href":"https:\/\/wcwc.ca\/fr\/wp-json\/wp\/v2\/pages\/21649","targetHints":{"allow":["GET"]}}],"collection":[{"href":"https:\/\/wcwc.ca\/fr\/wp-json\/wp\/v2\/pages"}],"about":[{"href":"https:\/\/wcwc.ca\/fr\/wp-json\/wp\/v2\/types\/page"}],"author":[{"embeddable":true,"href":"https:\/\/wcwc.ca\/fr\/wp-json\/wp\/v2\/users\/61"}],"replies":[{"embeddable":true,"href":"https:\/\/wcwc.ca\/fr\/wp-json\/wp\/v2\/comments?post=21649"}],"version-history":[{"count":26,"href":"https:\/\/wcwc.ca\/fr\/wp-json\/wp\/v2\/pages\/21649\/revisions"}],"predecessor-version":[{"id":25755,"href":"https:\/\/wcwc.ca\/fr\/wp-json\/wp\/v2\/pages\/21649\/revisions\/25755"}],"up":[{"embeddable":true,"href":"https:\/\/wcwc.ca\/fr\/wp-json\/wp\/v2\/pages\/21650"}],"wp:attachment":[{"href":"https:\/\/wcwc.ca\/fr\/wp-json\/wp\/v2\/media?parent=21649"}],"curies":[{"name":"wp","href":"https:\/\/api.w.org\/{rel}","templated":true}]}}