{"id":21721,"date":"2018-08-17T05:23:16","date_gmt":"2018-08-17T09:23:16","guid":{"rendered":"https:\/\/staging.wcwc.ca\/actualites\/"},"modified":"2023-12-15T10:32:48","modified_gmt":"2023-12-15T15:32:48","slug":"actualites","status":"publish","type":"page","link":"https:\/\/wcwc.ca\/fr\/a-propos-de\/actualites\/","title":{"rendered":"Nouvelles"},"content":{"rendered":"\n<h2 class=\"wp-block-heading\">Nouvelles<\/h2>\n\n\n\n<div class=\"wp-block-columns is-layout-flex wp-container-core-columns-is-layout-28f84493 wp-block-columns-is-layout-flex\">\n<div class=\"wp-block-column is-layout-flow wp-block-column-is-layout-flow\" style=\"flex-basis:25%\"><form role=\"search\" method=\"get\" action=\"https:\/\/wcwc.ca\/fr\/\" class=\"wp-block-search__button-outside wp-block-search__text-button wp-block-search\"    ><label class=\"wp-block-search__label\" for=\"wp-block-search__input-1\" >Search<\/label><div class=\"wp-block-search__inside-wrapper\" ><input class=\"wp-block-search__input\" id=\"wp-block-search__input-1\" placeholder=\"\" value=\"\" type=\"search\" name=\"s\" required \/><button aria-label=\"Search\" class=\"wp-block-search__button wp-element-button\" type=\"submit\" >Search<\/button><\/div><\/form>\n\n\n<p>Cat\u00e9gories<\/p>\n\n\n<div class=\"facetwp-facet facetwp-facet-categories facetwp-type-checkboxes\" data-name=\"categories\" data-type=\"checkboxes\"><\/div>\n\n\n\n<p>Archives<\/p>\n\n\n<div class=\"facetwp-facet facetwp-facet-archive facetwp-type-date_range\" data-name=\"archive\" data-type=\"date_range\"><\/div>\n<\/div>\n\n\n\n<div class=\"wp-block-column is-layout-flow wp-block-column-is-layout-flow\" style=\"flex-basis:5%\"><\/div>\n\n\n\n<div class=\"wp-block-column is-layout-flow wp-block-column-is-layout-flow\" style=\"flex-basis:70%\"><div class=\"facetwp-template\" data-name=\"news2_copy\"><div class=\"fwpl-layout el-fgrokb\"><div class=\"fwpl-result r1\"><div class=\"fwpl-row el-vhh42u\"><div class=\"fwpl-col fwpl-col el-pvhdhp\"><div class=\"fwpl-item el-x5s3nq\">Avr 30, 2026<\/div><div class=\"fwpl-item el-rdd8w8 fy-link-underline\"><a href=\"https:\/\/wcwc.ca\/fr\/ressources\/cours\/gestion-des-systemes-deau-potable-dans-les-communautes-des-premieres-nations-ressources-de-cours\/\">Gestion des syst\u00e8mes d'eau potable dans les communaut\u00e9s des Premi\u00e8res nations Ressources de cours<\/a><\/div><div class=\"fwpl-item el-y9m0d\">Ce billet fournit des ressources pour le cours du WCWC sur la gestion des syst\u00e8mes d&#8217;eau potable dans les communaut\u00e9s des Premi\u00e8res nations. Documents ...<\/div><\/div><div class=\"fwpl-col fwpl-col el-shg5s4\"><div class=\"fwpl-item el-9tcg6g\"><img decoding=\"async\" width=\"300\" height=\"217\" src=\"data:image\/svg+xml,%3Csvg%20width%3D%22300%22%20height%3D%22217%22%20xmlns%3D%22http:\/\/www.w3.org\/2000\/svg%22%20viewBox%3D%220%200%20300%20217%22%3E%3C\/svg%3E\" class=\"fy-lazy js-lazy attachment-medium size-medium wp-post-image fy-content__image fy-lazy js-lazy\" alt=\"Image d&#039;une pile de livres de biblioth\u00e8que sur la qualit\u00e9 et le traitement de l&#039;eau\" data-src=\"\/\/www.w3.org\/2000\/svg%22%20viewBox%3D%220%200%201024%20739%22%3E%3C\/svg%3E\" data-srcset=\"https:\/\/wcwc.ca\/wp-content\/uploads\/2022\/08\/IMG_4243_edited_compressed-300x217.jpg 300w, https:\/\/wcwc.ca\/wp-content\/uploads\/2022\/08\/IMG_4243_edited_compressed-768x554.jpg 768w, https:\/\/wcwc.ca\/wp-content\/uploads\/2022\/08\/IMG_4243_edited_compressed.jpg 1024w\" data-sizes=\"(max-width: 300px) 100vw, 300px\" fetchpriority=\"low\"><div class=\"fy-image-loading fy-image-loading--spinner\" aria-hidden=\"true\"><\/div><\/div><\/div><\/div><\/div><div class=\"fwpl-result r2\"><div class=\"fwpl-row el-vhh42u\"><div class=\"fwpl-col fwpl-col el-pvhdhp\"><div class=\"fwpl-item el-x5s3nq\">Avr 29, 2026<\/div><div class=\"fwpl-item el-rdd8w8 fy-link-underline\"><a href=\"https:\/\/wcwc.ca\/fr\/news-fr\/le-cwae-presente-des-projets-de-recherche-appliquee-lors-de-la-conference-nextwave-2026-de-lowwa\/\">Le CWAE pr\u00e9sente des projets de recherche appliqu\u00e9e lors de la conf\u00e9rence NextWave 2026 de l\u2019OWWA<\/a><\/div><div class=\"fwpl-item el-y9m0d\">Les pr\u00e9sentations communiquent des projets de recherche qui soutiennent la salubrit\u00e9 de l\u2019eau potable en am\u00e9liorant les approches de traitement des PFAS et des ...<\/div><\/div><div class=\"fwpl-col fwpl-col el-shg5s4\"><div class=\"fwpl-item el-9tcg6g\"><img decoding=\"async\" width=\"300\" height=\"150\" src=\"data:image\/svg+xml,%3Csvg%20width%3D%22300%22%20height%3D%22150%22%20xmlns%3D%22http:\/\/www.w3.org\/2000\/svg%22%20viewBox%3D%220%200%20300%20150%22%3E%3C\/svg%3E\" class=\"fy-lazy js-lazy attachment-medium size-medium wp-post-image fy-content__image fy-lazy js-lazy\" alt=\"Image en vedette\" data-src=\"\/\/www.w3.org\/2000\/svg%22%20viewBox%3D%220%200%201200%20600%22%3E%3C\/svg%3E\" data-srcset=\"https:\/\/wcwc.ca\/wp-content\/uploads\/2026\/04\/bi-100-1-300x150.jpg 300w, https:\/\/wcwc.ca\/wp-content\/uploads\/2026\/04\/bi-100-1-768x384.jpg 768w, https:\/\/wcwc.ca\/wp-content\/uploads\/2026\/04\/bi-100-1-480x240.jpg 480w, https:\/\/wcwc.ca\/wp-content\/uploads\/2026\/04\/bi-100-1.jpg 1200w\" data-sizes=\"(max-width: 300px) 100vw, 300px\" fetchpriority=\"low\"><div class=\"fy-image-loading fy-image-loading--spinner\" aria-hidden=\"true\"><\/div><\/div><\/div><\/div><\/div><div class=\"fwpl-result r3\"><div class=\"fwpl-row el-vhh42u\"><div class=\"fwpl-col fwpl-col el-pvhdhp\"><div class=\"fwpl-item el-x5s3nq\">Avr 15, 2026<\/div><div class=\"fwpl-item el-rdd8w8 fy-link-underline\"><a href=\"https:\/\/wcwc.ca\/fr\/news-fr\/webinaire-a-venir-sur-la-cybersecurite\/\">Webinaire \u00e0 venir sur la cybers\u00e9curit\u00e9<\/a><\/div><div class=\"fwpl-item el-y9m0d\">Le Centre de Walkerton pour l\u2019assainissement de l\u2019eau (CWAE) a le plaisir d\u2019annoncer la tenue prochaine d\u2019un webinaire virtuel sur la cybers\u00e9curit\u00e9. Titre: Boucher ...<\/div><\/div><div class=\"fwpl-col fwpl-col el-shg5s4\"><div class=\"fwpl-item el-9tcg6g\"><img decoding=\"async\" width=\"300\" height=\"169\" src=\"data:image\/svg+xml,%3Csvg%20width%3D%22300%22%20height%3D%22169%22%20xmlns%3D%22http:\/\/www.w3.org\/2000\/svg%22%20viewBox%3D%220%200%20300%20169%22%3E%3C\/svg%3E\" class=\"fy-lazy js-lazy attachment-medium size-medium wp-post-image fy-content__image fy-lazy js-lazy\" alt data-src=\"\/\/www.w3.org\/2000\/svg%22%20viewBox%3D%220%200%202560%201440%22%3E%3C\/svg%3E\" data-srcset=\"https:\/\/wcwc.ca\/wp-content\/uploads\/2026\/04\/News-Item-Picture@4x-100-1-300x169.jpg 300w, https:\/\/wcwc.ca\/wp-content\/uploads\/2026\/04\/News-Item-Picture@4x-100-1-768x432.jpg 768w, https:\/\/wcwc.ca\/wp-content\/uploads\/2026\/04\/News-Item-Picture@4x-100-1-1536x864.jpg 1536w, https:\/\/wcwc.ca\/wp-content\/uploads\/2026\/04\/News-Item-Picture@4x-100-1-2048x1152.jpg 2048w, https:\/\/wcwc.ca\/wp-content\/uploads\/2026\/04\/News-Item-Picture@4x-100-1-480x270.jpg 480w, https:\/\/wcwc.ca\/wp-content\/uploads\/2026\/04\/News-Item-Picture@4x-100-1-1280x720.jpg 1280w, https:\/\/wcwc.ca\/wp-content\/uploads\/2026\/04\/News-Item-Picture@4x-100-1-1920x1080.jpg 1920w\" data-sizes=\"(max-width: 300px) 100vw, 300px\" fetchpriority=\"low\"><div class=\"fy-image-loading fy-image-loading--spinner\" aria-hidden=\"true\"><\/div><\/div><\/div><\/div><\/div><div class=\"fwpl-result r4\"><div class=\"fwpl-row el-vhh42u\"><div class=\"fwpl-col fwpl-col el-pvhdhp\"><div class=\"fwpl-item el-x5s3nq\">Avr 10, 2026<\/div><div class=\"fwpl-item el-rdd8w8 fy-link-underline\"><a href=\"https:\/\/wcwc.ca\/fr\/news-fr\/bienvenue-a-notre-nouvelle-directrice-generale\/\">Bienvenue \u00e0 notre nouvelle directrice g\u00e9n\u00e9rale<\/a><\/div><div class=\"fwpl-item el-y9m0d\">Le Centre de Walkerton pour l\u2019assainissement de l\u2019eau est heureux d\u2019annoncer la nomination de Kara Rutherford au poste de directrice g\u00e9n\u00e9rale. Kara poss\u00e8de une ...<\/div><\/div><div class=\"fwpl-col fwpl-col el-shg5s4\"><div class=\"fwpl-item el-9tcg6g\"><img decoding=\"async\" width=\"300\" height=\"225\" src=\"data:image\/svg+xml,%3Csvg%20width%3D%22300%22%20height%3D%22225%22%20xmlns%3D%22http:\/\/www.w3.org\/2000\/svg%22%20viewBox%3D%220%200%20300%20225%22%3E%3C\/svg%3E\" class=\"fy-lazy js-lazy attachment-medium size-medium wp-post-image fy-content__image fy-lazy js-lazy\" alt=\"Annonce de leadership\" data-src=\"\/\/www.w3.org\/2000\/svg%22%20viewBox%3D%220%200%202560%201920%22%3E%3C\/svg%3E\" data-srcset=\"https:\/\/wcwc.ca\/wp-content\/uploads\/2026\/04\/bi@4x-100-300x225.jpg 300w, https:\/\/wcwc.ca\/wp-content\/uploads\/2026\/04\/bi@4x-100-768x576.jpg 768w, https:\/\/wcwc.ca\/wp-content\/uploads\/2026\/04\/bi@4x-100-1536x1152.jpg 1536w, https:\/\/wcwc.ca\/wp-content\/uploads\/2026\/04\/bi@4x-100-2048x1536.jpg 2048w, https:\/\/wcwc.ca\/wp-content\/uploads\/2026\/04\/bi@4x-100-480x360.jpg 480w, https:\/\/wcwc.ca\/wp-content\/uploads\/2026\/04\/bi@4x-100-1280x960.jpg 1280w, https:\/\/wcwc.ca\/wp-content\/uploads\/2026\/04\/bi@4x-100-1920x1440.jpg 1920w\" data-sizes=\"(max-width: 300px) 100vw, 300px\" fetchpriority=\"low\"><div class=\"fy-image-loading fy-image-loading--spinner\" aria-hidden=\"true\"><\/div><\/div><\/div><\/div><\/div><div class=\"fwpl-result r5\"><div class=\"fwpl-row el-vhh42u\"><div class=\"fwpl-col fwpl-col el-pvhdhp\"><div class=\"fwpl-item el-x5s3nq\">Mar 20, 2026<\/div><div class=\"fwpl-item el-rdd8w8 fy-link-underline\"><a href=\"https:\/\/wcwc.ca\/fr\/politiques-du-wcwc\/centre-de-walkerton-pour-lassainissement-de-leau-concours-lie-au-sondage-annexe-a-reglement-standard\/\">CENTRE DE WALKERTON POUR L\u2019ASSAINISSEMENT DE L\u2019EAU CONCOURS LI\u00c9 AU SONDAGE ANNEXE A: R\u00c8GLEMENT STANDARD<\/a><\/div><div class=\"fwpl-item el-y9m0d\">A) CONTEXTE Deux objectifs r\u00e9glementaires du Centre de Walkerton pour l\u2019assainissement de l\u2019eau, qui est une soci\u00e9t\u00e9 sans capital-actions et un agent de la ...<\/div><\/div><div class=\"fwpl-col fwpl-col el-shg5s4\"><div class=\"fwpl-item el-9tcg6g is-empty\"><\/div><\/div><\/div><\/div><div class=\"fwpl-result r6\"><div class=\"fwpl-row el-vhh42u\"><div class=\"fwpl-col fwpl-col el-pvhdhp\"><div class=\"fwpl-item el-x5s3nq\">Jan 30, 2026<\/div><div class=\"fwpl-item el-rdd8w8 fy-link-underline\"><a href=\"https:\/\/wcwc.ca\/fr\/news-fr\/nouveau-cours-dapprentissage-en-ligne-preparation-a-lexamen-relatif-au-traitement-des-eaux-classes-iii-et-iv-mathematiques\/\">Nouveau cours d\u2019apprentissage en ligne: Pr\u00e9paration \u00e0 l\u2019examen relatif au traitement des eaux, classes III et IV, math\u00e9matiques<\/a><\/div><div class=\"fwpl-item el-y9m0d\">Ce cours a \u00e9t\u00e9 con\u00e7u pour aider les op\u00e9rateurs de traitement de l&#8217;eau potable qui se pr\u00e9parent \u00e0 passer les examens de certification de ...<\/div><\/div><div class=\"fwpl-col fwpl-col el-shg5s4\"><div class=\"fwpl-item el-9tcg6g\"><img decoding=\"async\" width=\"300\" height=\"157\" src=\"data:image\/svg+xml,%3Csvg%20width%3D%22300%22%20height%3D%22157%22%20xmlns%3D%22http:\/\/www.w3.org\/2000\/svg%22%20viewBox%3D%220%200%20300%20157%22%3E%3C\/svg%3E\" class=\"fy-lazy js-lazy attachment-medium size-medium wp-post-image fy-content__image fy-lazy js-lazy\" alt=\"Image d\u00e9corative\" data-src=\"\/\/www.w3.org\/2000\/svg%22%20viewBox%3D%220%200%202560%201340%22%3E%3C\/svg%3E\" data-srcset=\"https:\/\/wcwc.ca\/wp-content\/uploads\/2026\/01\/WebNewsImage@4x-100-300x157.jpg 300w, https:\/\/wcwc.ca\/wp-content\/uploads\/2026\/01\/WebNewsImage@4x-100-768x402.jpg 768w, https:\/\/wcwc.ca\/wp-content\/uploads\/2026\/01\/WebNewsImage@4x-100-1536x804.jpg 1536w, https:\/\/wcwc.ca\/wp-content\/uploads\/2026\/01\/WebNewsImage@4x-100-2048x1072.jpg 2048w, https:\/\/wcwc.ca\/wp-content\/uploads\/2026\/01\/WebNewsImage@4x-100-480x251.jpg 480w, https:\/\/wcwc.ca\/wp-content\/uploads\/2026\/01\/WebNewsImage@4x-100-1280x670.jpg 1280w, https:\/\/wcwc.ca\/wp-content\/uploads\/2026\/01\/WebNewsImage@4x-100-1920x1005.jpg 1920w\" data-sizes=\"(max-width: 300px) 100vw, 300px\" fetchpriority=\"low\"><div class=\"fy-image-loading fy-image-loading--spinner\" aria-hidden=\"true\"><\/div><\/div><\/div><\/div><\/div><\/div>\n<style>\n.fwpl-layout, .fwpl-row {\n    display: grid;\n}\n.fwpl-layout.el-fgrokb {\n    grid-template-columns: repeat(1, 1fr);\n    grid-gap: 40px;\n}\n.fwpl-btn {\n    text-decoration: none;\n}\n.fwpl-row.el-vhh42u {\n    grid-template-columns: 1fr 1fr;\n}\n.fwpl-item.el-rdd8w8 {\n    font-size: 20px;\n}\n@media (max-width: 480px) { \n    body .facetwp-template .fwpl-layout,  \n    body .facetwp-template-static .fwpl-layout { grid-template-columns: 1fr; } \n} \n\n<\/style>\n<\/div><div class=\"facetwp-pager\"><\/div>\n<\/div>\n<\/div>\n","protected":false},"excerpt":{"rendered":"<p>Nouvelles Cat\u00e9gories Archives<\/p>\n","protected":false},"author":7,"featured_media":0,"parent":21722,"menu_order":0,"comment_status":"closed","ping_status":"closed","template":"","meta":{"_acf_changed":false,"_seopress_robots_primary_cat":"","_seopress_titles_title":"","_seopress_titles_desc":"","_seopress_robots_index":"","footnotes":""},"class_list":["post-21721","page","type-page","status-publish","hentry"],"acf":[],"_links":{"self":[{"href":"https:\/\/wcwc.ca\/fr\/wp-json\/wp\/v2\/pages\/21721","targetHints":{"allow":["GET"]}}],"collection":[{"href":"https:\/\/wcwc.ca\/fr\/wp-json\/wp\/v2\/pages"}],"about":[{"href":"https:\/\/wcwc.ca\/fr\/wp-json\/wp\/v2\/types\/page"}],"author":[{"embeddable":true,"href":"https:\/\/wcwc.ca\/fr\/wp-json\/wp\/v2\/users\/7"}],"replies":[{"embeddable":true,"href":"https:\/\/wcwc.ca\/fr\/wp-json\/wp\/v2\/comments?post=21721"}],"version-history":[{"count":5,"href":"https:\/\/wcwc.ca\/fr\/wp-json\/wp\/v2\/pages\/21721\/revisions"}],"predecessor-version":[{"id":22795,"href":"https:\/\/wcwc.ca\/fr\/wp-json\/wp\/v2\/pages\/21721\/revisions\/22795"}],"up":[{"embeddable":true,"href":"https:\/\/wcwc.ca\/fr\/wp-json\/wp\/v2\/pages\/21722"}],"wp:attachment":[{"href":"https:\/\/wcwc.ca\/fr\/wp-json\/wp\/v2\/media?parent=21721"}],"curies":[{"name":"wp","href":"https:\/\/api.w.org\/{rel}","templated":true}]}}