{"id":21722,"date":"2018-08-17T05:18:28","date_gmt":"2018-08-17T09:18:28","guid":{"rendered":"https:\/\/staging.wcwc.ca\/a-propos-de\/"},"modified":"2024-09-25T08:52:33","modified_gmt":"2024-09-25T12:52:33","slug":"a-propos-de","status":"publish","type":"page","link":"https:\/\/wcwc.ca\/fr\/a-propos-de\/","title":{"rendered":"\u00c0 propos"},"content":{"rendered":"\n<h2 class=\"wp-block-heading\">Centre de Walkerton pour l\u2019assainissement de l\u2019eau &#8211; Information sur l\u2019organisme<\/h2>\n\n\n\n<h3 class=\"wp-block-heading\">Profil de l&#8217;entreprise<\/h3>\n\n\n\n<p>Le Centre est un organisme de services op\u00e9rationnels du gouvernement de l&#8217;Ontario, gouvern\u00e9e par le conseil d&#8217;administration. Le Centre&nbsp;coordonne et dispense la formation obligatoire exig\u00e9e par le minist\u00e8re de l&#8217;environnement, de la conservation et des parcs (le minist\u00e8re), la formation sp\u00e9cialis\u00e9e et l&#8217;information aux propri\u00e9taires de r\u00e9seaux d&#8217;eau potable, aux op\u00e9rateurs, aux autorit\u00e9s d&#8217;exploitation et au public.<\/p>\n\n\n\n<div class=\"wp-block-columns is-layout-flex wp-container-core-columns-is-layout-28f84493 wp-block-columns-is-layout-flex\">\n<div class=\"wp-block-column is-layout-flow wp-block-column-is-layout-flow\">\n<figure class=\"wp-block-image size-full\"><img decoding=\"async\" width=\"570\" height=\"301\" data-image-position=\"1\" src=\"https:\/\/wcwc.ca\/wp-content\/uploads\/2018\/10\/Agency-Information-Photo.jpg\" alt=\"Image du b\u00e2timent du centre de Walkerton pour l&#039;eau propre (Walkerton Clean Water Centre)\" class=\"wp-image-5306 fy-content__image\" srcset=\"https:\/\/wcwc.ca\/wp-content\/uploads\/2018\/10\/Agency-Information-Photo.jpg 570w, https:\/\/wcwc.ca\/wp-content\/uploads\/2018\/10\/Agency-Information-Photo-300x158.jpg 300w\" sizes=\"(max-width: 570px) 100vw, 570px\" fetchpriority=\"high\"><div class=\"fy-image-loading fy-image-loading--spinner\" aria-hidden=\"true\"><\/div><\/figure>\n<\/div>\n\n\n\n<div class=\"wp-block-column is-layout-flow wp-block-column-is-layout-flow\">\n<h3 class=\"wp-block-heading\">Mission<\/h3>\n\n\n\n<p>Nous fournissons aux propri\u00e9taires, aux exploitants et aux organismes d\u2019exploitation la formation, l\u2019information et les conseils dont ils ont besoin pour fournir de l\u2019eau potable propre et salubre.<br><\/p>\n\n\n\n<h3 class=\"wp-block-heading\">Vision<\/h3>\n\n\n\n<p>De l\u2019eau propre et salubre pour tous en Ontario.<\/p>\n<\/div>\n<\/div>\n\n\n\n<h3 class=\"wp-block-heading\">Objectifs\/mandat<\/h3>\n\n\n\n<p>Ces objectifs sont, seuls ou de concert avec d\u2019autres organismes, de :<\/p>\n\n\n\n<ul class=\"wp-block-list\">\n<li>Coordonner et offrir aux propri\u00e9taires, exploitants et organismes d\u2019exploitation de r\u00e9seaux d\u2019eau potable une formation et un enseignement sur l\u2019eau potable.<\/li>\n\n\n\n<li>Fournir des renseignements, un enseignement et des conseils aux propri\u00e9taires, exploitants et organismes d&#8217;exploitation des r\u00e9seaux d&#8217;eau potable et au public sur :\n<ul class=\"wp-block-list\">\n<li>le traitement de l&#8217;eau n\u00e9cessaire pour que l\u2019eau potable soit saine;<\/li>\n\n\n\n<li>l&#8217;\u00e9quipement et la technologie utilis\u00e9s pour que l\u2019eau potable soit saine;<\/li>\n\n\n\n<li>les exigences op\u00e9rationnelles n\u00e9cessaires pour que l\u2019eau potable soit saine; et<\/li>\n\n\n\n<li>d&#8217;autres questions environnementales concernant l&#8217;eau potable.<\/li>\n<\/ul>\n<\/li>\n\n\n\n<li>Commanditer des recherches visant toutes activit\u00e9s li\u00e9es \u00e0 ses objectifs.<\/li>\n\n\n\n<li>Conseiller le ministre sur les priorit\u00e9s en mati\u00e8re de recherche et de d\u00e9veloppement dans le but d\u2019assurer et de maintenir la salubrit\u00e9 de l\u2019eau potable.<\/li>\n\n\n\n<li>Entreprendre d\u2019autres activit\u00e9s, conform\u00e9ment \u00e0 ses objectifs, d\u00e9crites dans des directives \u00e9mises par le ministre ou \u00e9tablies en accord avec le ministre.<\/li>\n<\/ul>\n\n\n\n<h3 class=\"wp-block-heading\">\u00c9nonc\u00e9 de valeurs<\/h3>\n\n\n\n<ul class=\"wp-block-list\">\n<li><strong>A<\/strong>ccepter les diff\u00e9rences de chacun et travailler en \u00e9quipe pour fournir des produits et services de haute qualit\u00e9.<\/li>\n\n\n\n<li><strong>N<\/strong>ous am\u00e9liorer continuellement en \u00e9coutant nos clients et en s\u2019adaptant \u00e0 leurs besoins.<\/li>\n\n\n\n<li><strong>T<\/strong>ravailler pour aider \u00e0 assurer l\u2019acc\u00e8s \u00e0 l\u2019eau potable gr\u00e2ce \u00e0 la confiance mutuelle avec nos clients, partenaires et coll\u00e8gues.<\/li>\n\n\n\n<li><strong>C<\/strong>ultiver un environnement dynamique qui encourage les id\u00e9es, l\u2019innovation et la collaboration.<\/li>\n<\/ul>\n","protected":false},"excerpt":{"rendered":"<p>Centre de Walkerton pour l\u2019assainissement de l\u2019eau &#8211; Information sur l\u2019organisme Profil de l&#8217;entreprise Le Centre est un organisme de services op\u00e9rationnels du gouvernement &#8230;<\/p>\n","protected":false},"author":7,"featured_media":0,"parent":0,"menu_order":0,"comment_status":"closed","ping_status":"closed","template":"","meta":{"_acf_changed":false,"_seopress_robots_primary_cat":"","_seopress_titles_title":"","_seopress_titles_desc":"","_seopress_robots_index":"","_seopress_analysis_target_kw":"","footnotes":""},"class_list":["post-21722","page","type-page","status-publish","hentry"],"acf":[],"_links":{"self":[{"href":"https:\/\/wcwc.ca\/fr\/wp-json\/wp\/v2\/pages\/21722","targetHints":{"allow":["GET"]}}],"collection":[{"href":"https:\/\/wcwc.ca\/fr\/wp-json\/wp\/v2\/pages"}],"about":[{"href":"https:\/\/wcwc.ca\/fr\/wp-json\/wp\/v2\/types\/page"}],"author":[{"embeddable":true,"href":"https:\/\/wcwc.ca\/fr\/wp-json\/wp\/v2\/users\/7"}],"replies":[{"embeddable":true,"href":"https:\/\/wcwc.ca\/fr\/wp-json\/wp\/v2\/comments?post=21722"}],"version-history":[{"count":10,"href":"https:\/\/wcwc.ca\/fr\/wp-json\/wp\/v2\/pages\/21722\/revisions"}],"predecessor-version":[{"id":24058,"href":"https:\/\/wcwc.ca\/fr\/wp-json\/wp\/v2\/pages\/21722\/revisions\/24058"}],"wp:attachment":[{"href":"https:\/\/wcwc.ca\/fr\/wp-json\/wp\/v2\/media?parent=21722"}],"curies":[{"name":"wp","href":"https:\/\/api.w.org\/{rel}","templated":true}]}}