{"id":22171,"date":"2023-05-26T13:50:48","date_gmt":"2023-05-26T17:50:48","guid":{"rendered":"https:\/\/staging.wcwc.ca\/a-propos-de\/politiques-du-wcwc\/politique-de-confidentialite\/"},"modified":"2024-09-25T08:53:34","modified_gmt":"2024-09-25T12:53:34","slug":"politique-de-confidentialite","status":"publish","type":"page","link":"https:\/\/wcwc.ca\/fr\/a-propos-de\/politiques-du-wcwc\/politique-de-confidentialite\/","title":{"rendered":"D\u00e9claration concernant la protection de la vie priv\u00e9e"},"content":{"rendered":"\n<h2 class=\"wp-block-heading\">D\u00e9claration concernant la protection de la vie priv\u00e9e<\/h2>\n\n\n\n<h3 class=\"wp-block-heading\">Notre engagement<\/h3>\n\n\n\n<p>Le Centre s&#8217;engage \u00e0 respecter votre vie priv\u00e9e et \u00e0 prot\u00e9ger vos renseignements personnelles. La pr\u00e9sente d\u00e9claration de confidentialit\u00e9 d\u00e9crit les pratiques de gestion de l&#8217;information en vigeur sur notre site web.<br><br>Le traitement de toutes les informations personnelles par les organismes du gouvernement de l&#8217;Ontario est r\u00e9gi par la&nbsp;<a href=\"https:\/\/www.ontario.ca\/laws\/statute\/90f31\" target=\"_blank\" rel=\"noreferrer noopener\">Loi sur la libert\u00e9 de l&#8217;information et la protection de la vie priv\u00e9e (FIPPA)<\/a>&nbsp; Nous nous engageons \u00e0 prot\u00e9ger votre vie priv\u00e9e, que vous recherchiez des informations ou que vous fassiez des affaires avec le gouvernement par voie \u00e9lectronique.<\/p>\n\n\n\n<p>Veuillez noter que le site web du Centre contient des liens vers des pages de tiers et que le contenu ou les composants de ces pages de tiers, s&#8217;ils sont s\u00e9lectionn\u00e9s par l&#8217;utilisateur, peuvent ne pas \u00eatre soumis aux m\u00eames protections l\u00e9gales de la vie priv\u00e9e que les pages du gouvernement.<\/p>\n\n\n\n<h3 class=\"wp-block-heading\">Quel type d&#8217;informations est recueilli ?<\/h3>\n\n\n\n<p>Lorsque vous visitez notre site web, nous ne recueillerons aucun renseignement personnel \u00e0 votre sujet \u00e0 moins que vous n\u2019ayez choisi d\u2019utiliser et de recevoir des produits et services en ligne pour lesquels de tels renseignements sont exig\u00e9s. Toute information personnelle que vous fournissez sera utilis\u00e9e pour r\u00e9pondre \u00e0 votre message et\/ou vous fournir le service ou le produit demand\u00e9. Lorsque, dans vos transactions avec des organismes gouvernementaux, on vous demande votre num\u00e9ro de carte de cr\u00e9dit, ces organismes font appel \u00e0 des protocoles de s\u00e9curit\u00e9 \u00e0 jour pour assurer l&#8217;int\u00e9grit\u00e9 et la confidentialit\u00e9 des renseignements et des syst\u00e8mes.<\/p>\n\n\n\n<p>Lorsque vous naviguez ou t\u00e9l\u00e9chargez des informations \u00e0 partir du site web du Centre, nos serveurs collectent automatiquement des quantit\u00e9s limit\u00e9es d&#8217;informations standard \u00e0 des fins de suivi du trafic et de statistiques. Les informations sont analys\u00e9es pour d\u00e9terminer les tendances op\u00e9rationnelles, les performances et les moyens d&#8217;am\u00e9liorer nos sites. Le Centre ne peut pas vous identifier \u00e0 partir de ces informations.<\/p>\n\n\n\n<p>Nous recueillons les types d&#8217;informations suivants :<\/p>\n\n\n\n<ul class=\"wp-block-list\">\n<li>les adresses de protocole Internet (IP) des ordinateurs utilis\u00e9s pour acc\u00e9der \u00e0 nos sites<\/li>\n\n\n\n<li>les syst\u00e8mes d&#8217;exploitation et les types et versions de navigateurs utilis\u00e9s pour acc\u00e9der \u00e0 nos sites<\/li>\n\n\n\n<li>les fournisseurs d&#8217;acc\u00e8s \u00e0 Internet utilis\u00e9s par les visiteurs de nos sites<\/li>\n\n\n\n<li>les dates et heures auxquelles les utilisateurs acc\u00e8dent \u00e0 nos sites<\/li>\n\n\n\n<li>pages visit\u00e9es<\/li>\n\n\n\n<li>les mots-cl\u00e9s que les utilisateurs saisissent dans notre moteur de recherche<\/li>\n<\/ul>\n\n\n\n<h3 class=\"wp-block-heading\">Vous avez le choix<\/h3>\n\n\n\n<p>Si vous choisissez de ne pas utiliser l&#8217;internet pour fournir des informations personnelles \u00e0 un minist\u00e8re ou \u00e0 une agence gouvernementale, vous pouvez contacter le minist\u00e8re ou l&#8217;agence par t\u00e9l\u00e9phone, par fax, par courrier, par kiosque ou en personne. (Toutes les options ne sont pas forc\u00e9ment disponibles dans chaque situation).<\/p>\n\n\n\n<h3 class=\"wp-block-heading\">Prenez des mesures pour prot\u00e9ger vos activit\u00e9s en ligne<\/h3>\n\n\n\n<p>Les utilisateurs sont encourag\u00e9s \u00e0 apprendre \u00e0 prot\u00e9ger leurs propres ordinateurs afin de garantir la confidentialit\u00e9 de leurs activit\u00e9s en ligne. Pour obtenir des conseils sur la s\u00e9curit\u00e9 des r\u00e9seaux domestiques, il est possible de consulter une feuille de questions et r\u00e9ponses produite par l&#8217;Institut de g\u00e9nie logiciel de Carnegie Mellon.&nbsp;<a href=\"http:\/\/www.cert.org\/historical\/\" target=\"_blank\" rel=\"noreferrer noopener\">CERT&nbsp;Centre de coordination<\/a>.<\/p>\n\n\n\n<h3 class=\"wp-block-heading\">Qui contacter pour plus d&#8217;informations<\/h3>\n\n\n\n<p>Les questions ou commentaires concernant ces pratiques peuvent \u00eatre adress\u00e9s au coordinateur ex\u00e9cutif, en envoyant un courrier \u00e9lectronique \u00e0&nbsp;<a href=\"mailto:inquiry@wcwc.ca\" target=\"_blank\" rel=\"noreferrer noopener\">inquiry@wcwc.ca<\/a>, en appelant&nbsp;&nbsp; 866-515-0550&nbsp;ou en \u00e9crivant \u00e0<\/p>\n\n\n\n<p>20, rue Ontario, C.P. 160, <br>Walkerton Ontario N0G 2V0<\/p>\n","protected":false},"excerpt":{"rendered":"<p>D\u00e9claration concernant la protection de la vie priv\u00e9e Notre engagement Le Centre s&#8217;engage \u00e0 respecter votre vie priv\u00e9e et \u00e0 prot\u00e9ger vos renseignements personnelles. &#8230;<\/p>\n","protected":false},"author":61,"featured_media":0,"parent":21650,"menu_order":2,"comment_status":"closed","ping_status":"closed","template":"","meta":{"_acf_changed":false,"_seopress_robots_primary_cat":"","_seopress_titles_title":"","_seopress_titles_desc":"","_seopress_robots_index":"","footnotes":""},"class_list":["post-22171","page","type-page","status-publish","hentry"],"acf":[],"_links":{"self":[{"href":"https:\/\/wcwc.ca\/fr\/wp-json\/wp\/v2\/pages\/22171","targetHints":{"allow":["GET"]}}],"collection":[{"href":"https:\/\/wcwc.ca\/fr\/wp-json\/wp\/v2\/pages"}],"about":[{"href":"https:\/\/wcwc.ca\/fr\/wp-json\/wp\/v2\/types\/page"}],"author":[{"embeddable":true,"href":"https:\/\/wcwc.ca\/fr\/wp-json\/wp\/v2\/users\/61"}],"replies":[{"embeddable":true,"href":"https:\/\/wcwc.ca\/fr\/wp-json\/wp\/v2\/comments?post=22171"}],"version-history":[{"count":13,"href":"https:\/\/wcwc.ca\/fr\/wp-json\/wp\/v2\/pages\/22171\/revisions"}],"predecessor-version":[{"id":24661,"href":"https:\/\/wcwc.ca\/fr\/wp-json\/wp\/v2\/pages\/22171\/revisions\/24661"}],"up":[{"embeddable":true,"href":"https:\/\/wcwc.ca\/fr\/wp-json\/wp\/v2\/pages\/21650"}],"wp:attachment":[{"href":"https:\/\/wcwc.ca\/fr\/wp-json\/wp\/v2\/media?parent=22171"}],"curies":[{"name":"wp","href":"https:\/\/api.w.org\/{rel}","templated":true}]}}