{"id":22177,"date":"2023-05-26T14:06:34","date_gmt":"2023-05-26T18:06:34","guid":{"rendered":"https:\/\/staging.wcwc.ca\/a-propos-de\/politiques-du-wcwc\/remboursements\/"},"modified":"2024-09-25T08:54:36","modified_gmt":"2024-09-25T12:54:36","slug":"remboursements","status":"publish","type":"page","link":"https:\/\/wcwc.ca\/fr\/a-propos-de\/politiques-du-wcwc\/remboursements\/","title":{"rendered":"Politique de remboursement"},"content":{"rendered":"\n<h2 class=\"wp-block-heading\">Politique de remboursement et d&#8217;annulation<\/h2>\n\n\n\n<h3 class=\"wp-block-heading\">Sessions en classe\/virtuelles<\/h3>\n\n\n\n<p>Pour obtenir un remboursement complet, les avis \u00e9crits doivent parvenir au Centre de Walkerton pour l\u2019assainissement de l\u2019eau 10 jours ouvrables avant la date pr\u00e9vue du cours. Les changements de nom sont acceptables en tout temps avant le d\u00e9but de la s\u00e9ance. Les participants ont jusqu&#8217;\u00e0 10 jours ouvrables avant la date de d\u00e9but du cours original pour transf\u00e9rer leur inscription \u00e0 un autre cours de valeur \u00e9gale ou inf\u00e9rieure sans payer de p\u00e9nalit\u00e9.<\/p>\n\n\n\n<h3 class=\"wp-block-heading\">Cours de base \u00e0 l&#8217;intention des apprentis-exploitants <\/h3>\n\n\n\n<p>Pour obtenir un remboursement \u00e0 70 %, les avis \u00e9crits doivent parvenir au Centre de Walkerton pour l\u2019assainissement de l\u2019eau 10 jours ouvrables avant la date pr\u00e9vue du cours en salle de classe. Vous pouvez reporter une session de formation en classe sans p\u00e9nalit\u00e9,&nbsp;UNE <strong>SEULE FO<\/strong>IS, \u00e0 condition d&#8217;en aviser le Walkerton Clean Water Centre au moins 10 jours ouvrables avant la date de d\u00e9but du cours auquel vous \u00eates inscrit. Si vous devez reporter la date de la classe plus d&#8217;une fois, des frais d&#8217;administration de 50 $ seront factur\u00e9s \u00e0 chaque fois. Vous devez assister \u00e0 l&#8217;int\u00e9gralit\u00e9 du cours pour recevoir votre certificat.<\/p>\n\n\n\n<h3 class=\"wp-block-heading\">Cours en ligne et par correspondance<\/h3>\n\n\n\n<p>Nous ne pouvons pas rembourser les cours en ligne ou par correspondance. <br><br>Si le cours est annul\u00e9 pour des raisons sur lesquelles le Centre de Walkerton pour l\u2019assainissement de l\u2019eau n\u2019a pas de contr\u00f4le ou \u00e0 cause de s\u00e9v\u00e8res intemp\u00e9ries, les participants recevront le remboursement complet de leurs droits d\u2019inscription.<\/p>\n","protected":false},"excerpt":{"rendered":"<p>Politique de remboursement et d&#8217;annulation Sessions en classe\/virtuelles Pour obtenir un remboursement complet, les avis \u00e9crits doivent parvenir au Centre de Walkerton pour l\u2019assainissement &#8230;<\/p>\n","protected":false},"author":61,"featured_media":0,"parent":21650,"menu_order":3,"comment_status":"closed","ping_status":"closed","template":"","meta":{"_acf_changed":false,"_seopress_robots_primary_cat":"","_seopress_titles_title":"","_seopress_titles_desc":"","_seopress_robots_index":"","footnotes":""},"class_list":["post-22177","page","type-page","status-publish","hentry"],"acf":[],"_links":{"self":[{"href":"https:\/\/wcwc.ca\/fr\/wp-json\/wp\/v2\/pages\/22177","targetHints":{"allow":["GET"]}}],"collection":[{"href":"https:\/\/wcwc.ca\/fr\/wp-json\/wp\/v2\/pages"}],"about":[{"href":"https:\/\/wcwc.ca\/fr\/wp-json\/wp\/v2\/types\/page"}],"author":[{"embeddable":true,"href":"https:\/\/wcwc.ca\/fr\/wp-json\/wp\/v2\/users\/61"}],"replies":[{"embeddable":true,"href":"https:\/\/wcwc.ca\/fr\/wp-json\/wp\/v2\/comments?post=22177"}],"version-history":[{"count":4,"href":"https:\/\/wcwc.ca\/fr\/wp-json\/wp\/v2\/pages\/22177\/revisions"}],"predecessor-version":[{"id":24057,"href":"https:\/\/wcwc.ca\/fr\/wp-json\/wp\/v2\/pages\/22177\/revisions\/24057"}],"up":[{"embeddable":true,"href":"https:\/\/wcwc.ca\/fr\/wp-json\/wp\/v2\/pages\/21650"}],"wp:attachment":[{"href":"https:\/\/wcwc.ca\/fr\/wp-json\/wp\/v2\/media?parent=22177"}],"curies":[{"name":"wp","href":"https:\/\/api.w.org\/{rel}","templated":true}]}}