{"id":22179,"date":"2023-05-26T14:09:57","date_gmt":"2023-05-26T18:09:57","guid":{"rendered":"https:\/\/staging.wcwc.ca\/a-propos-de\/politiques-du-wcwc\/politique-sur-les-parfums\/"},"modified":"2023-11-22T13:37:39","modified_gmt":"2023-11-22T18:37:39","slug":"politique-sur-les-parfums","status":"publish","type":"page","link":"https:\/\/wcwc.ca\/fr\/a-propos-de\/politiques-du-wcwc\/politique-sur-les-parfums\/","title":{"rendered":"Politique sur les parfums"},"content":{"rendered":"\n<h2 class=\"wp-block-heading\">Politique sur les parfums<\/h2>\n\n<p>Les produits odorants tels que l\u2019eau de toilette, les parfums d\u2019ambiance ou les nettoyants peuvent provoquer des r\u00e9actions comme la d\u00e9tresse respiratoire ou le mal de t\u00eate. Nous demandons aux membres du personnel et aux visiteurs de ne pas utiliser de produits parfum\u00e9s dans les installations du CWAE.<\/p>\n","protected":false},"excerpt":{"rendered":"<p>Politique sur les parfums Les produits odorants tels que l\u2019eau de toilette, les parfums d\u2019ambiance ou les nettoyants peuvent provoquer des r\u00e9actions comme la &#8230;<\/p>\n","protected":false},"author":61,"featured_media":0,"parent":21650,"menu_order":4,"comment_status":"closed","ping_status":"closed","template":"","meta":{"_acf_changed":false,"_seopress_robots_primary_cat":"","_seopress_titles_title":"","_seopress_titles_desc":"","_seopress_robots_index":"","footnotes":""},"class_list":["post-22179","page","type-page","status-publish","hentry"],"acf":[],"_links":{"self":[{"href":"https:\/\/wcwc.ca\/fr\/wp-json\/wp\/v2\/pages\/22179","targetHints":{"allow":["GET"]}}],"collection":[{"href":"https:\/\/wcwc.ca\/fr\/wp-json\/wp\/v2\/pages"}],"about":[{"href":"https:\/\/wcwc.ca\/fr\/wp-json\/wp\/v2\/types\/page"}],"author":[{"embeddable":true,"href":"https:\/\/wcwc.ca\/fr\/wp-json\/wp\/v2\/users\/61"}],"replies":[{"embeddable":true,"href":"https:\/\/wcwc.ca\/fr\/wp-json\/wp\/v2\/comments?post=22179"}],"version-history":[{"count":3,"href":"https:\/\/wcwc.ca\/fr\/wp-json\/wp\/v2\/pages\/22179\/revisions"}],"predecessor-version":[{"id":22196,"href":"https:\/\/wcwc.ca\/fr\/wp-json\/wp\/v2\/pages\/22179\/revisions\/22196"}],"up":[{"embeddable":true,"href":"https:\/\/wcwc.ca\/fr\/wp-json\/wp\/v2\/pages\/21650"}],"wp:attachment":[{"href":"https:\/\/wcwc.ca\/fr\/wp-json\/wp\/v2\/media?parent=22179"}],"curies":[{"name":"wp","href":"https:\/\/api.w.org\/{rel}","templated":true}]}}