{"id":22183,"date":"2023-05-26T14:13:32","date_gmt":"2023-05-26T18:13:32","guid":{"rendered":"https:\/\/staging.wcwc.ca\/a-propos-de\/politiques-du-wcwc\/liens-vers-des-sites-web-de-tiers\/"},"modified":"2024-09-25T08:55:06","modified_gmt":"2024-09-25T12:55:06","slug":"liens-vers-des-sites-web-de-tiers","status":"publish","type":"page","link":"https:\/\/wcwc.ca\/fr\/a-propos-de\/politiques-du-wcwc\/liens-vers-des-sites-web-de-tiers\/","title":{"rendered":"Liens vers des sites web de tiers"},"content":{"rendered":"\n<h2 class=\"wp-block-heading\">Politique sur les liens vers des sites web de tiers<\/h2>\n\n\n\n<p>Certains sites Web auxquels vous pouvez acc\u00e9der \u00e0 partir du pr\u00e9sent site ou menant au pr\u00e9sent site ont \u00e9t\u00e9 mis sur pied ou sont exploit\u00e9s par d\u2019autres organismes ou pour leur compte. <\/p>\n\n\n\n<ul class=\"wp-block-list\">\n<li>Ces organismes sont les seules responsables du fonctionnement et du contenu (y compris le droit de fournir ce contenu) de leur site respectif.<\/li>\n\n\n\n<li>Il se peut que ces sites externes n\u2019existent pas en fran\u00e7ais.<\/li>\n\n\n\n<li>Les liens externes fournis dans le pr\u00e9sent site ou menant au pr\u00e9sent site ne signifient pas que le Centre de Walkerton pour l\u2019assainissement de l\u2019eau appuie ces organismes ni qu\u2019il garantit le contenu (y compris le droit de fournir ce contenu) de leur site respectif.<\/li>\n<\/ul>\n\n\n\n<p>Le Centre de Walkerton pour l\u2019assainissement de l\u2019eau n\u2019assume aucune responsabilit\u00e9 et ne peut \u00eatre tenu responsable de quelque fa\u00e7on que ce soit en ce qui concerne<\/p>\n\n\n\n<ul class=\"wp-block-list\">\n<li>les liens menant aux sites externes,<\/li>\n\n\n\n<li>le fonctionnement ou le contenu (y compris le droit de fournir ce contenu) de ces sites,<\/li>\n\n\n\n<li>et les renseignements, les interpr\u00e9tations, les commentaires ou les opinions que renferment ces sites externes.<\/li>\n<\/ul>\n\n\n\n<p> Tout commentaire ou toute demande de renseignements portant sur un site externe doivent \u00eatre adress\u00e9 \u00e0 l&#8217;organisme pour le compte duquel on exploite ce site.<br><\/p>\n","protected":false},"excerpt":{"rendered":"<p>Politique sur les liens vers des sites web de tiers Certains sites Web auxquels vous pouvez acc\u00e9der \u00e0 partir du pr\u00e9sent site ou menant &#8230;<\/p>\n","protected":false},"author":61,"featured_media":0,"parent":21650,"menu_order":6,"comment_status":"closed","ping_status":"closed","template":"","meta":{"_acf_changed":false,"_seopress_robots_primary_cat":"","_seopress_titles_title":"","_seopress_titles_desc":"","_seopress_robots_index":"","footnotes":""},"class_list":["post-22183","page","type-page","status-publish","hentry"],"acf":[],"_links":{"self":[{"href":"https:\/\/wcwc.ca\/fr\/wp-json\/wp\/v2\/pages\/22183","targetHints":{"allow":["GET"]}}],"collection":[{"href":"https:\/\/wcwc.ca\/fr\/wp-json\/wp\/v2\/pages"}],"about":[{"href":"https:\/\/wcwc.ca\/fr\/wp-json\/wp\/v2\/types\/page"}],"author":[{"embeddable":true,"href":"https:\/\/wcwc.ca\/fr\/wp-json\/wp\/v2\/users\/61"}],"replies":[{"embeddable":true,"href":"https:\/\/wcwc.ca\/fr\/wp-json\/wp\/v2\/comments?post=22183"}],"version-history":[{"count":2,"href":"https:\/\/wcwc.ca\/fr\/wp-json\/wp\/v2\/pages\/22183\/revisions"}],"predecessor-version":[{"id":24663,"href":"https:\/\/wcwc.ca\/fr\/wp-json\/wp\/v2\/pages\/22183\/revisions\/24663"}],"up":[{"embeddable":true,"href":"https:\/\/wcwc.ca\/fr\/wp-json\/wp\/v2\/pages\/21650"}],"wp:attachment":[{"href":"https:\/\/wcwc.ca\/fr\/wp-json\/wp\/v2\/media?parent=22183"}],"curies":[{"name":"wp","href":"https:\/\/api.w.org\/{rel}","templated":true}]}}