{"id":22185,"date":"2023-05-29T11:39:06","date_gmt":"2023-05-29T15:39:06","guid":{"rendered":"https:\/\/staging.wcwc.ca\/a-propos-de\/politiques-du-wcwc\/politique-sur-les-commandites\/"},"modified":"2024-09-25T08:56:45","modified_gmt":"2024-09-25T12:56:45","slug":"politique-sur-les-commandites","status":"publish","type":"page","link":"https:\/\/wcwc.ca\/fr\/a-propos-de\/politiques-du-wcwc\/politique-sur-les-commandites\/","title":{"rendered":"Politique sur les commandites"},"content":{"rendered":"\n<h2 class=\"wp-block-heading\">Politique sur les commandites<\/h2>\n\n\n\n<h3 class=\"wp-block-heading\">Contexte<\/h3>\n\n\n\n<p>Le Centre de Walkerton pour l\u2019assainissement de l\u2019eau (CWAE) est un organisme ind\u00e9pendant du gouvernement de l&#8217;Ontario, et par l&#8217;interm\u00e9diaire de son conseil d&#8217;administration (et de ses dirigeants), il agit conform\u00e9ment aux principes de gestion de la province de l&#8217;Ontario. Ces principes sont notamment un comportement \u00e9thique, la reddition de comptes, l&#8217;excellence dans la gestion, l&#8217;utilisation sage des fonds publics, la haute qualit\u00e9 des services au public et l\u2019honn\u00eatet\u00e9 sur le march\u00e9.<\/p>\n\n\n\n<h3 class=\"wp-block-heading\">Objet<\/h3>\n\n\n\n<p>La pr\u00e9sente politique sur les commandites a pour but de d\u00e9finir la port\u00e9e et les principes des commandites.<\/p>\n\n\n\n<h3 class=\"wp-block-heading\">D\u00e9finitions<\/h3>\n\n\n\n<p>Un &#8220;commanditaire&#8221; est une personne morale qui a conclu un accord de commandite avec le CWAE.<br>Une &#8220;commandite&#8221; est une relation d&#8217;affaires entre le CWAE et un commanditaire, qui fait la promotion du CWAE et de son mandat.<\/p>\n\n\n\n<h3 class=\"wp-block-heading\">Port\u00e9e<\/h3>\n\n\n\n<p>La pr\u00e9sente politique sur les commandites s&#8217;applique aux commandites dans le cadre desquelles le CWAE fournit une contribution en argent ou en nature \u00e0 un commanditaire en \u00e9change d\u2019occasions promotionnelles pour le CWAE. Les types d\u2019activit\u00e9s de commandite comprennent, notamment :<\/p>\n\n\n\n<ul class=\"wp-block-list\">\n<li>des \u00e9v\u00e9nements communautaires qui font mieux conna\u00eetre le CWAE au sein de la communaut\u00e9 ;<\/li>\n\n\n\n<li>un \u00e9v\u00e9nement unique de formation ou de sensibilisation du public en mati\u00e8re d&#8217;eau potable auquel le CWAE a la possibilit\u00e9 de participer ou de recevoir d\u2019autres possibilit\u00e9s de promotion.<\/li>\n<\/ul>\n\n\n\n<p>Les fonds de commandite du CWAE ne doivent pas \u00eatre utilis\u00e9s pour de l&#8217;eau embouteill\u00e9e ou des boissons alcoolis\u00e9es ; aucune exception ne sera permis.<\/p>\n\n\n\n<h3 class=\"wp-block-heading\">Principes de la politique<\/h3>\n\n\n\n<ul class=\"wp-block-list\">\n<li>Le commandite doit concorder avec le plan d\u2019affaires, la vision, la mission et les valeurs du CWAE ;<\/li>\n\n\n\n<li>Le commandite doit \u00eatre rentable et promouvoir les programmes et services du CWAE ou contribuer au secteur de l&#8217;eau potable ;<\/li>\n\n\n\n<li>Les membres du conseil d&#8217;administration, les dirigeants et les employ\u00e9s du CWAE ne doivent pas recevoir un avantage personnel direct ou indirect d&#8217;un commanditaire ou d\u2019une commandite ;<\/li>\n\n\n\n<li>Les activit\u00e9s de commandite doivent respecter toutes les lois de l&#8217;Ontario et du gouvernement f\u00e9d\u00e9ral ;<\/li>\n\n\n\n<li>Les accords de commandite n&#8217;impliquent pas ou ne repr\u00e9sentent pas une approbation par le CWAE d&#8217;un commanditaire ou des produits ou services d&#8217;un commanditaire ;<\/li>\n\n\n\n<li>Le CWAE se r\u00e9serve le droit, \u00e0 son enti\u00e8re discr\u00e9tion, de d\u00e9cliner ou de refuser une demande de commandite.<\/li>\n<\/ul>\n\n\n\n<h3 class=\"wp-block-heading\">Politique g\u00e9n\u00e9rale<\/h3>\n\n\n\n<p>Les personnes physiques et morales int\u00e9ress\u00e9es par le commandites doivent remplir un formulaire de demande de commandite en respectant les instructions figurant sur le formulaire.<br><br>Les d\u00e9cisions quant aux demandes de contributions en nature du CWAE peuvent \u00eatre prises par le chef de la direction. Les allocations de financement du CWAE peuvent \u00eatre d\u00e9termin\u00e9es par le directeur g\u00e9n\u00e9ral \u00e0 condition que le montant de la demande de commandite ne d\u00e9passe pas 10 000 $ .<br><br>Si le montant est sup\u00e9rieur \u00e0 10 000 $, le directeur g\u00e9n\u00e9ral peut refuser la demande ou encore en recommander l&#8217;approbation par le conseil d&#8217;administration. Les approbations des commandites sup\u00e9rieures \u00e0 10 000 $ ne peuvent \u00eatre accord\u00e9es que par le conseil d&#8217;administration.<br><br>Si elle est s\u00e9lectionn\u00e9e, la personne physique ou morale sera tenue de conclure un accord de commandite avec le CWAE. Une lettre pr\u00e9sentant une description du projet et le montant du financement peut constituer un accord. La partie destinataire doit signer la lettre d\u2019acceptation des conditions et en renvoyer une copie au CWAE.<br><br>\u00c0 la fin de l&#8217;activit\u00e9 ou de l&#8217;\u00e9v\u00e9nement, les commanditaires doivent fournir au CWAE un rapport final sur l&#8217;utilisation des fonds.<br><br>Tout fonds non utilis\u00e9 doit \u00eatre retourn\u00e9 au CWAE.<\/p>\n","protected":false},"excerpt":{"rendered":"<p>Politique sur les commandites Contexte Le Centre de Walkerton pour l\u2019assainissement de l\u2019eau (CWAE) est un organisme ind\u00e9pendant du gouvernement de l&#8217;Ontario, et par &#8230;<\/p>\n","protected":false},"author":61,"featured_media":0,"parent":21650,"menu_order":7,"comment_status":"closed","ping_status":"closed","template":"","meta":{"_acf_changed":false,"_seopress_robots_primary_cat":"","_seopress_titles_title":"","_seopress_titles_desc":"","_seopress_robots_index":"","footnotes":""},"class_list":["post-22185","page","type-page","status-publish","hentry"],"acf":[],"_links":{"self":[{"href":"https:\/\/wcwc.ca\/fr\/wp-json\/wp\/v2\/pages\/22185","targetHints":{"allow":["GET"]}}],"collection":[{"href":"https:\/\/wcwc.ca\/fr\/wp-json\/wp\/v2\/pages"}],"about":[{"href":"https:\/\/wcwc.ca\/fr\/wp-json\/wp\/v2\/types\/page"}],"author":[{"embeddable":true,"href":"https:\/\/wcwc.ca\/fr\/wp-json\/wp\/v2\/users\/61"}],"replies":[{"embeddable":true,"href":"https:\/\/wcwc.ca\/fr\/wp-json\/wp\/v2\/comments?post=22185"}],"version-history":[{"count":4,"href":"https:\/\/wcwc.ca\/fr\/wp-json\/wp\/v2\/pages\/22185\/revisions"}],"predecessor-version":[{"id":24664,"href":"https:\/\/wcwc.ca\/fr\/wp-json\/wp\/v2\/pages\/22185\/revisions\/24664"}],"up":[{"embeddable":true,"href":"https:\/\/wcwc.ca\/fr\/wp-json\/wp\/v2\/pages\/21650"}],"wp:attachment":[{"href":"https:\/\/wcwc.ca\/fr\/wp-json\/wp\/v2\/media?parent=22185"}],"curies":[{"name":"wp","href":"https:\/\/api.w.org\/{rel}","templated":true}]}}